{"id":949,"date":"2025-11-04T12:12:48","date_gmt":"2025-11-04T12:12:48","guid":{"rendered":"https:\/\/www.alfatasarim.net.tr\/jeomed\/?post_type=product&#038;p=949"},"modified":"2026-01-17T07:01:57","modified_gmt":"2026-01-17T07:01:57","slug":"tto-soft-baby-goz-cevresi-mendili-12li","status":"publish","type":"product","link":"https:\/\/www.jeomed.com\/ES\/product\/tto-soft-baby-goz-cevresi-mendili-12li\/","title":{"rendered":"TOALLITAS LIMPIADORAS SUAVES PARA CONTORNO DE OJOS PARA BEB\u00c9S TTO 12 PIEZAS \/ CAJA"},"content":{"rendered":"<p><b>TTO SOFT BABY EYE CONTOUR CLEANSING WIPES 12 PCS\/BOX<\/b><\/p>\n<p><span style=\"font-weight: 400;\">It is a cleansing wipe that cleans your baby&#8217;s skin and eye area with a high moisture content, contributing to the moisture level your baby needs. It is a single-use cotton wipe impregnated with a special solution to easily remove natural secretion residues from your baby&#8217;s skin such as crusts. Chamomile Oil, Vitamin E, and D Panthenol provide cleansing, moisture, and care by removing dirt from the eye area.<\/span><\/p>\n","protected":false},"excerpt":{"rendered":"<p>TTO SOFT BABY EYE CONTOUR CLEANSING WIPES 12 PCS\/BOX It is a cleansing wipe that cleans your baby&#8217;s skin and eye area with a high moisture content, contributing to the moisture level your baby needs. It is a single-use cotton wipe impregnated with a special solution to easily remove natural secretion residues from your baby&#8217;s [&hellip;]<\/p>\n","protected":false},"featured_media":950,"comment_status":"open","ping_status":"closed","template":"","meta":{"_acf_changed":false,"inline_featured_image":false},"product_brand":[],"product_cat":[15],"product_tag":[],"class_list":{"0":"post-949","1":"product","2":"type-product","3":"status-publish","4":"has-post-thumbnail","6":"product_cat-baby-care-products","8":"first","9":"instock","10":"shipping-taxable","11":"product-type-simple"},"acf":[],"yoast_head":"<!-- This site is optimized with the Yoast SEO plugin v26.3 - https:\/\/yoast.com\/wordpress\/plugins\/seo\/ -->\n<title>TOALLITAS LIMPIADORAS SUAVES PARA CONTORNO DE OJOS PARA BEB\u00c9S TTO 12 PIEZAS \/ CAJA - JEOMED \u0130LA\u00c7 ve SA\u011eLIK \u00dcR\u00dcNLER\u0130 A.\u015e.<\/title>\n<meta name=\"robots\" content=\"index, follow, max-snippet:-1, max-image-preview:large, max-video-preview:-1\" \/>\n<link rel=\"canonical\" href=\"https:\/\/www.jeomed.com\/ES\/product\/tto-soft-baby-goz-cevresi-mendili-12li\/\" \/>\n<meta property=\"og:locale\" content=\"es_ES\" \/>\n<meta property=\"og:type\" content=\"article\" \/>\n<meta property=\"og:title\" content=\"TOALLITAS LIMPIADORAS SUAVES PARA CONTORNO DE OJOS PARA BEB\u00c9S TTO 12 PIEZAS \/ CAJA - JEOMED \u0130LA\u00c7 ve SA\u011eLIK \u00dcR\u00dcNLER\u0130 A.\u015e.\" \/>\n<meta property=\"og:description\" content=\"TTO SOFT BABY EYE CONTOUR CLEANSING WIPES 12 PCS\/BOX It is a cleansing wipe that cleans your baby&#8217;s skin and eye area with a high moisture content, contributing to the moisture level your baby needs. It is a single-use cotton wipe impregnated with a special solution to easily remove natural secretion residues from your baby&#8217;s [&hellip;]\" \/>\n<meta property=\"og:url\" content=\"https:\/\/www.jeomed.com\/ES\/product\/tto-soft-baby-goz-cevresi-mendili-12li\/\" \/>\n<meta property=\"og:site_name\" content=\"JEOMED \u0130LA\u00c7 ve SA\u011eLIK \u00dcR\u00dcNLER\u0130 A.\u015e.\" \/>\n<meta property=\"article:modified_time\" content=\"2026-01-17T07:01:57+00:00\" \/>\n<meta property=\"og:image\" content=\"https:\/\/www.jeomed.com\/ES\/wp-content\/uploads\/2025\/11\/tto-soft-baby-goz-cevresi-mendili-12li-kopya-scaled.webp\" \/>\n\t<meta property=\"og:image:width\" content=\"2560\" \/>\n\t<meta property=\"og:image:height\" content=\"2560\" \/>\n\t<meta property=\"og:image:type\" content=\"image\/webp\" \/>\n<meta name=\"twitter:card\" content=\"summary_large_image\" \/>\n<meta name=\"twitter:label1\" content=\"Tiempo de lectura\" \/>\n\t<meta name=\"twitter:data1\" content=\"1 minuto\" \/>\n<script type=\"application\/ld+json\" class=\"yoast-schema-graph\">{\"@context\":\"https:\/\/schema.org\",\"@graph\":[{\"@type\":\"WebPage\",\"@id\":\"https:\/\/www.jeomed.com\/ES\/product\/tto-soft-baby-goz-cevresi-mendili-12li\/\",\"url\":\"https:\/\/www.jeomed.com\/ES\/product\/tto-soft-baby-goz-cevresi-mendili-12li\/\",\"name\":\"TOALLITAS LIMPIADORAS SUAVES PARA CONTORNO DE OJOS PARA BEB\u00c9S TTO 12 PIEZAS \/ CAJA - JEOMED \u0130LA\u00c7 ve SA\u011eLIK \u00dcR\u00dcNLER\u0130 A.\u015e.\",\"isPartOf\":{\"@id\":\"https:\/\/www.jeomed.com\/ES\/#website\"},\"primaryImageOfPage\":{\"@id\":\"https:\/\/www.jeomed.com\/ES\/product\/tto-soft-baby-goz-cevresi-mendili-12li\/#primaryimage\"},\"image\":{\"@id\":\"https:\/\/www.jeomed.com\/ES\/product\/tto-soft-baby-goz-cevresi-mendili-12li\/#primaryimage\"},\"thumbnailUrl\":\"https:\/\/www.jeomed.com\/ES\/wp-content\/uploads\/2025\/11\/tto-soft-baby-goz-cevresi-mendili-12li-kopya-scaled.webp\",\"datePublished\":\"2025-11-04T12:12:48+00:00\",\"dateModified\":\"2026-01-17T07:01:57+00:00\",\"breadcrumb\":{\"@id\":\"https:\/\/www.jeomed.com\/ES\/product\/tto-soft-baby-goz-cevresi-mendili-12li\/#breadcrumb\"},\"inLanguage\":\"es\",\"potentialAction\":[{\"@type\":\"ReadAction\",\"target\":[\"https:\/\/www.jeomed.com\/ES\/product\/tto-soft-baby-goz-cevresi-mendili-12li\/\"]}]},{\"@type\":\"ImageObject\",\"inLanguage\":\"es\",\"@id\":\"https:\/\/www.jeomed.com\/ES\/product\/tto-soft-baby-goz-cevresi-mendili-12li\/#primaryimage\",\"url\":\"https:\/\/www.jeomed.com\/ES\/wp-content\/uploads\/2025\/11\/tto-soft-baby-goz-cevresi-mendili-12li-kopya-scaled.webp\",\"contentUrl\":\"https:\/\/www.jeomed.com\/ES\/wp-content\/uploads\/2025\/11\/tto-soft-baby-goz-cevresi-mendili-12li-kopya-scaled.webp\",\"width\":2560,\"height\":2560},{\"@type\":\"BreadcrumbList\",\"@id\":\"https:\/\/www.jeomed.com\/ES\/product\/tto-soft-baby-goz-cevresi-mendili-12li\/#breadcrumb\",\"itemListElement\":[{\"@type\":\"ListItem\",\"position\":1,\"name\":\"Anasayfa\",\"item\":\"https:\/\/www.jeomed.com\/ES\/\"},{\"@type\":\"ListItem\",\"position\":2,\"name\":\"Products\",\"item\":\"https:\/\/www.jeomed.com\/ES\/shop\/\"},{\"@type\":\"ListItem\",\"position\":3,\"name\":\"TOALLITAS LIMPIADORAS SUAVES PARA CONTORNO DE OJOS PARA BEB\u00c9S TTO 12 PIEZAS \/ CAJA\"}]},{\"@type\":\"WebSite\",\"@id\":\"https:\/\/www.jeomed.com\/ES\/#website\",\"url\":\"https:\/\/www.jeomed.com\/ES\/\",\"name\":\"JEOMED \u0130LA\u00c7 ve SA\u011eLIK \u00dcR\u00dcNLER\u0130 A.\u015e.\",\"description\":\"Yenilik\u00e7i G\u00fc\u00e7, Global Ba\u015far\u0131\",\"publisher\":{\"@id\":\"https:\/\/www.jeomed.com\/ES\/#organization\"},\"potentialAction\":[{\"@type\":\"SearchAction\",\"target\":{\"@type\":\"EntryPoint\",\"urlTemplate\":\"https:\/\/www.jeomed.com\/ES\/?s={search_term_string}\"},\"query-input\":{\"@type\":\"PropertyValueSpecification\",\"valueRequired\":true,\"valueName\":\"search_term_string\"}}],\"inLanguage\":\"es\"},{\"@type\":\"Organization\",\"@id\":\"https:\/\/www.jeomed.com\/ES\/#organization\",\"name\":\"JEOMED \u0130LA\u00c7 ve SA\u011eLIK \u00dcR\u00dcNLER\u0130 A.\u015e.\",\"url\":\"https:\/\/www.jeomed.com\/ES\/\",\"logo\":{\"@type\":\"ImageObject\",\"inLanguage\":\"es\",\"@id\":\"https:\/\/www.jeomed.com\/ES\/#\/schema\/logo\/image\/\",\"url\":\"https:\/\/www.alfatasarim.net.tr\/jeomed\/wp-content\/uploads\/2025\/10\/jeomed-logo-tto-1_1.jpg\",\"contentUrl\":\"https:\/\/www.alfatasarim.net.tr\/jeomed\/wp-content\/uploads\/2025\/10\/jeomed-logo-tto-1_1.jpg\",\"width\":628,\"height\":227,\"caption\":\"JEOMED \u0130LA\u00c7 ve SA\u011eLIK \u00dcR\u00dcNLER\u0130 A.\u015e.\"},\"image\":{\"@id\":\"https:\/\/www.jeomed.com\/ES\/#\/schema\/logo\/image\/\"}}]}<\/script>\n<!-- \/ Yoast SEO plugin. -->","yoast_head_json":{"title":"TOALLITAS LIMPIADORAS SUAVES PARA CONTORNO DE OJOS PARA BEB\u00c9S TTO 12 PIEZAS \/ CAJA - JEOMED \u0130LA\u00c7 ve SA\u011eLIK \u00dcR\u00dcNLER\u0130 A.\u015e.","robots":{"index":"index","follow":"follow","max-snippet":"max-snippet:-1","max-image-preview":"max-image-preview:large","max-video-preview":"max-video-preview:-1"},"canonical":"https:\/\/www.jeomed.com\/ES\/product\/tto-soft-baby-goz-cevresi-mendili-12li\/","og_locale":"es_ES","og_type":"article","og_title":"TOALLITAS LIMPIADORAS SUAVES PARA CONTORNO DE OJOS PARA BEB\u00c9S TTO 12 PIEZAS \/ CAJA - JEOMED \u0130LA\u00c7 ve SA\u011eLIK \u00dcR\u00dcNLER\u0130 A.\u015e.","og_description":"TTO SOFT BABY EYE CONTOUR CLEANSING WIPES 12 PCS\/BOX It is a cleansing wipe that cleans your baby&#8217;s skin and eye area with a high moisture content, contributing to the moisture level your baby needs. It is a single-use cotton wipe impregnated with a special solution to easily remove natural secretion residues from your baby&#8217;s [&hellip;]","og_url":"https:\/\/www.jeomed.com\/ES\/product\/tto-soft-baby-goz-cevresi-mendili-12li\/","og_site_name":"JEOMED \u0130LA\u00c7 ve SA\u011eLIK \u00dcR\u00dcNLER\u0130 A.\u015e.","article_modified_time":"2026-01-17T07:01:57+00:00","og_image":[{"width":2560,"height":2560,"url":"https:\/\/www.jeomed.com\/ES\/wp-content\/uploads\/2025\/11\/tto-soft-baby-goz-cevresi-mendili-12li-kopya-scaled.webp","type":"image\/webp"}],"twitter_card":"summary_large_image","twitter_misc":{"Tiempo de lectura":"1 minuto"},"schema":{"@context":"https:\/\/schema.org","@graph":[{"@type":"WebPage","@id":"https:\/\/www.jeomed.com\/ES\/product\/tto-soft-baby-goz-cevresi-mendili-12li\/","url":"https:\/\/www.jeomed.com\/ES\/product\/tto-soft-baby-goz-cevresi-mendili-12li\/","name":"TOALLITAS LIMPIADORAS SUAVES PARA CONTORNO DE OJOS PARA BEB\u00c9S TTO 12 PIEZAS \/ CAJA - JEOMED \u0130LA\u00c7 ve SA\u011eLIK \u00dcR\u00dcNLER\u0130 A.\u015e.","isPartOf":{"@id":"https:\/\/www.jeomed.com\/ES\/#website"},"primaryImageOfPage":{"@id":"https:\/\/www.jeomed.com\/ES\/product\/tto-soft-baby-goz-cevresi-mendili-12li\/#primaryimage"},"image":{"@id":"https:\/\/www.jeomed.com\/ES\/product\/tto-soft-baby-goz-cevresi-mendili-12li\/#primaryimage"},"thumbnailUrl":"https:\/\/www.jeomed.com\/ES\/wp-content\/uploads\/2025\/11\/tto-soft-baby-goz-cevresi-mendili-12li-kopya-scaled.webp","datePublished":"2025-11-04T12:12:48+00:00","dateModified":"2026-01-17T07:01:57+00:00","breadcrumb":{"@id":"https:\/\/www.jeomed.com\/ES\/product\/tto-soft-baby-goz-cevresi-mendili-12li\/#breadcrumb"},"inLanguage":"es","potentialAction":[{"@type":"ReadAction","target":["https:\/\/www.jeomed.com\/ES\/product\/tto-soft-baby-goz-cevresi-mendili-12li\/"]}]},{"@type":"ImageObject","inLanguage":"es","@id":"https:\/\/www.jeomed.com\/ES\/product\/tto-soft-baby-goz-cevresi-mendili-12li\/#primaryimage","url":"https:\/\/www.jeomed.com\/ES\/wp-content\/uploads\/2025\/11\/tto-soft-baby-goz-cevresi-mendili-12li-kopya-scaled.webp","contentUrl":"https:\/\/www.jeomed.com\/ES\/wp-content\/uploads\/2025\/11\/tto-soft-baby-goz-cevresi-mendili-12li-kopya-scaled.webp","width":2560,"height":2560},{"@type":"BreadcrumbList","@id":"https:\/\/www.jeomed.com\/ES\/product\/tto-soft-baby-goz-cevresi-mendili-12li\/#breadcrumb","itemListElement":[{"@type":"ListItem","position":1,"name":"Anasayfa","item":"https:\/\/www.jeomed.com\/ES\/"},{"@type":"ListItem","position":2,"name":"Products","item":"https:\/\/www.jeomed.com\/ES\/shop\/"},{"@type":"ListItem","position":3,"name":"TOALLITAS LIMPIADORAS SUAVES PARA CONTORNO DE OJOS PARA BEB\u00c9S TTO 12 PIEZAS \/ CAJA"}]},{"@type":"WebSite","@id":"https:\/\/www.jeomed.com\/ES\/#website","url":"https:\/\/www.jeomed.com\/ES\/","name":"JEOMED \u0130LA\u00c7 ve SA\u011eLIK \u00dcR\u00dcNLER\u0130 A.\u015e.","description":"Yenilik\u00e7i G\u00fc\u00e7, Global Ba\u015far\u0131","publisher":{"@id":"https:\/\/www.jeomed.com\/ES\/#organization"},"potentialAction":[{"@type":"SearchAction","target":{"@type":"EntryPoint","urlTemplate":"https:\/\/www.jeomed.com\/ES\/?s={search_term_string}"},"query-input":{"@type":"PropertyValueSpecification","valueRequired":true,"valueName":"search_term_string"}}],"inLanguage":"es"},{"@type":"Organization","@id":"https:\/\/www.jeomed.com\/ES\/#organization","name":"JEOMED \u0130LA\u00c7 ve SA\u011eLIK \u00dcR\u00dcNLER\u0130 A.\u015e.","url":"https:\/\/www.jeomed.com\/ES\/","logo":{"@type":"ImageObject","inLanguage":"es","@id":"https:\/\/www.jeomed.com\/ES\/#\/schema\/logo\/image\/","url":"https:\/\/www.alfatasarim.net.tr\/jeomed\/wp-content\/uploads\/2025\/10\/jeomed-logo-tto-1_1.jpg","contentUrl":"https:\/\/www.alfatasarim.net.tr\/jeomed\/wp-content\/uploads\/2025\/10\/jeomed-logo-tto-1_1.jpg","width":628,"height":227,"caption":"JEOMED \u0130LA\u00c7 ve SA\u011eLIK \u00dcR\u00dcNLER\u0130 A.\u015e."},"image":{"@id":"https:\/\/www.jeomed.com\/ES\/#\/schema\/logo\/image\/"}}]}},"_links":{"self":[{"href":"https:\/\/www.jeomed.com\/ES\/wp-json\/wp\/v2\/product\/949","targetHints":{"allow":["GET"]}}],"collection":[{"href":"https:\/\/www.jeomed.com\/ES\/wp-json\/wp\/v2\/product"}],"about":[{"href":"https:\/\/www.jeomed.com\/ES\/wp-json\/wp\/v2\/types\/product"}],"replies":[{"embeddable":true,"href":"https:\/\/www.jeomed.com\/ES\/wp-json\/wp\/v2\/comments?post=949"}],"wp:featuredmedia":[{"embeddable":true,"href":"https:\/\/www.jeomed.com\/ES\/wp-json\/wp\/v2\/media\/950"}],"wp:attachment":[{"href":"https:\/\/www.jeomed.com\/ES\/wp-json\/wp\/v2\/media?parent=949"}],"wp:term":[{"taxonomy":"product_brand","embeddable":true,"href":"https:\/\/www.jeomed.com\/ES\/wp-json\/wp\/v2\/product_brand?post=949"},{"taxonomy":"product_cat","embeddable":true,"href":"https:\/\/www.jeomed.com\/ES\/wp-json\/wp\/v2\/product_cat?post=949"},{"taxonomy":"product_tag","embeddable":true,"href":"https:\/\/www.jeomed.com\/ES\/wp-json\/wp\/v2\/product_tag?post=949"}],"curies":[{"name":"wp","href":"https:\/\/api.w.org\/{rel}","templated":true}]}}