{"id":1471,"date":"2025-11-06T09:29:40","date_gmt":"2025-11-06T09:29:40","guid":{"rendered":"https:\/\/www.alfatasarim.net.tr\/jeomed\/?post_type=product&#038;p=1471"},"modified":"2026-01-16T15:19:55","modified_gmt":"2026-01-16T15:19:55","slug":"tto-x-yuz-temizleme-kopugu-hassas-cilt-tek","status":"publish","type":"product","link":"https:\/\/www.jeomed.com\/ES\/product\/tto-x-yuz-temizleme-kopugu-hassas-cilt-tek\/","title":{"rendered":"TTO-X ESPUMA LIMPIADORA FACIAL PARA PIELES SENSIBLES 200ML"},"content":{"rendered":"<p><b>TTO-X FACE CLEANSING FOAM FOR SENSITIVE SKIN 200 ML\u00a0<\/b><\/p>\n<p><span style=\"font-weight: 400;\">Specially formulated for sensitive skin, TTO-X Face Cleansing Foam gently cleanses while strengthening the skin barrier. Prebiotics support the skin\u2019s natural protective barrier, helping to shield it from environmental factors. Collagen and Hyaluronic Acid help maintain the moisture balance, promoting a plumper, smoother appearance. Rich in Avocado Oil, the formula nourishes and hydrates sensitive skin without causing dryness, ensuring ideal care.<\/span><\/p>\n","protected":false},"excerpt":{"rendered":"<p>TTO-X FACE CLEANSING FOAM FOR SENSITIVE SKIN 200 ML\u00a0 Specially formulated for sensitive skin, TTO-X Face Cleansing Foam gently cleanses while strengthening the skin barrier. Prebiotics support the skin\u2019s natural protective barrier, helping to shield it from environmental factors. Collagen and Hyaluronic Acid help maintain the moisture balance, promoting a plumper, smoother appearance. Rich in [&hellip;]<\/p>\n","protected":false},"featured_media":1301,"comment_status":"open","ping_status":"closed","template":"","meta":{"_acf_changed":false,"inline_featured_image":false},"product_brand":[],"product_cat":[70],"product_tag":[],"class_list":{"0":"post-1471","1":"product","2":"type-product","3":"status-publish","4":"has-post-thumbnail","6":"product_cat-facial-care-products","8":"first","9":"instock","10":"shipping-taxable","11":"product-type-simple"},"acf":[],"yoast_head":"<!-- This site is optimized with the Yoast SEO plugin v26.3 - https:\/\/yoast.com\/wordpress\/plugins\/seo\/ -->\n<title>TTO-X ESPUMA LIMPIADORA FACIAL PARA PIELES SENSIBLES 200ML - JEOMED \u0130LA\u00c7 ve SA\u011eLIK \u00dcR\u00dcNLER\u0130 A.\u015e.<\/title>\n<meta name=\"robots\" content=\"index, follow, max-snippet:-1, max-image-preview:large, max-video-preview:-1\" \/>\n<link rel=\"canonical\" href=\"https:\/\/www.jeomed.com\/ES\/product\/tto-x-yuz-temizleme-kopugu-hassas-cilt-tek\/\" \/>\n<meta property=\"og:locale\" content=\"es_ES\" \/>\n<meta property=\"og:type\" content=\"article\" \/>\n<meta property=\"og:title\" content=\"TTO-X ESPUMA LIMPIADORA FACIAL PARA PIELES SENSIBLES 200ML - JEOMED \u0130LA\u00c7 ve SA\u011eLIK \u00dcR\u00dcNLER\u0130 A.\u015e.\" \/>\n<meta property=\"og:description\" content=\"TTO-X FACE CLEANSING FOAM FOR SENSITIVE SKIN 200 ML\u00a0 Specially formulated for sensitive skin, TTO-X Face Cleansing Foam gently cleanses while strengthening the skin barrier. Prebiotics support the skin\u2019s natural protective barrier, helping to shield it from environmental factors. Collagen and Hyaluronic Acid help maintain the moisture balance, promoting a plumper, smoother appearance. Rich in [&hellip;]\" \/>\n<meta property=\"og:url\" content=\"https:\/\/www.jeomed.com\/ES\/product\/tto-x-yuz-temizleme-kopugu-hassas-cilt-tek\/\" \/>\n<meta property=\"og:site_name\" content=\"JEOMED \u0130LA\u00c7 ve SA\u011eLIK \u00dcR\u00dcNLER\u0130 A.\u015e.\" \/>\n<meta property=\"article:modified_time\" content=\"2026-01-16T15:19:55+00:00\" \/>\n<meta property=\"og:image\" content=\"https:\/\/www.jeomed.com\/ES\/wp-content\/uploads\/2025\/11\/tto-x-yuz-temizleme-kopugu-hassas-cilt-tek-kopya.webp\" \/>\n\t<meta property=\"og:image:width\" content=\"900\" \/>\n\t<meta property=\"og:image:height\" content=\"900\" \/>\n\t<meta property=\"og:image:type\" content=\"image\/webp\" \/>\n<meta name=\"twitter:card\" content=\"summary_large_image\" \/>\n<meta name=\"twitter:label1\" content=\"Tiempo de lectura\" \/>\n\t<meta name=\"twitter:data1\" content=\"1 minuto\" \/>\n<script type=\"application\/ld+json\" class=\"yoast-schema-graph\">{\"@context\":\"https:\/\/schema.org\",\"@graph\":[{\"@type\":\"WebPage\",\"@id\":\"https:\/\/www.jeomed.com\/ES\/product\/tto-x-yuz-temizleme-kopugu-hassas-cilt-tek\/\",\"url\":\"https:\/\/www.jeomed.com\/ES\/product\/tto-x-yuz-temizleme-kopugu-hassas-cilt-tek\/\",\"name\":\"TTO-X ESPUMA LIMPIADORA FACIAL PARA PIELES SENSIBLES 200ML - JEOMED \u0130LA\u00c7 ve SA\u011eLIK \u00dcR\u00dcNLER\u0130 A.\u015e.\",\"isPartOf\":{\"@id\":\"https:\/\/www.jeomed.com\/ES\/#website\"},\"primaryImageOfPage\":{\"@id\":\"https:\/\/www.jeomed.com\/ES\/product\/tto-x-yuz-temizleme-kopugu-hassas-cilt-tek\/#primaryimage\"},\"image\":{\"@id\":\"https:\/\/www.jeomed.com\/ES\/product\/tto-x-yuz-temizleme-kopugu-hassas-cilt-tek\/#primaryimage\"},\"thumbnailUrl\":\"https:\/\/www.jeomed.com\/ES\/wp-content\/uploads\/2025\/11\/tto-x-yuz-temizleme-kopugu-hassas-cilt-tek-kopya.webp\",\"datePublished\":\"2025-11-06T09:29:40+00:00\",\"dateModified\":\"2026-01-16T15:19:55+00:00\",\"breadcrumb\":{\"@id\":\"https:\/\/www.jeomed.com\/ES\/product\/tto-x-yuz-temizleme-kopugu-hassas-cilt-tek\/#breadcrumb\"},\"inLanguage\":\"es\",\"potentialAction\":[{\"@type\":\"ReadAction\",\"target\":[\"https:\/\/www.jeomed.com\/ES\/product\/tto-x-yuz-temizleme-kopugu-hassas-cilt-tek\/\"]}]},{\"@type\":\"ImageObject\",\"inLanguage\":\"es\",\"@id\":\"https:\/\/www.jeomed.com\/ES\/product\/tto-x-yuz-temizleme-kopugu-hassas-cilt-tek\/#primaryimage\",\"url\":\"https:\/\/www.jeomed.com\/ES\/wp-content\/uploads\/2025\/11\/tto-x-yuz-temizleme-kopugu-hassas-cilt-tek-kopya.webp\",\"contentUrl\":\"https:\/\/www.jeomed.com\/ES\/wp-content\/uploads\/2025\/11\/tto-x-yuz-temizleme-kopugu-hassas-cilt-tek-kopya.webp\",\"width\":900,\"height\":900},{\"@type\":\"BreadcrumbList\",\"@id\":\"https:\/\/www.jeomed.com\/ES\/product\/tto-x-yuz-temizleme-kopugu-hassas-cilt-tek\/#breadcrumb\",\"itemListElement\":[{\"@type\":\"ListItem\",\"position\":1,\"name\":\"Anasayfa\",\"item\":\"https:\/\/www.jeomed.com\/ES\/\"},{\"@type\":\"ListItem\",\"position\":2,\"name\":\"Products\",\"item\":\"https:\/\/www.jeomed.com\/ES\/shop\/\"},{\"@type\":\"ListItem\",\"position\":3,\"name\":\"TTO-X ESPUMA LIMPIADORA FACIAL PARA PIELES SENSIBLES 200ML\"}]},{\"@type\":\"WebSite\",\"@id\":\"https:\/\/www.jeomed.com\/ES\/#website\",\"url\":\"https:\/\/www.jeomed.com\/ES\/\",\"name\":\"JEOMED \u0130LA\u00c7 ve SA\u011eLIK \u00dcR\u00dcNLER\u0130 A.\u015e.\",\"description\":\"Yenilik\u00e7i G\u00fc\u00e7, Global Ba\u015far\u0131\",\"publisher\":{\"@id\":\"https:\/\/www.jeomed.com\/ES\/#organization\"},\"potentialAction\":[{\"@type\":\"SearchAction\",\"target\":{\"@type\":\"EntryPoint\",\"urlTemplate\":\"https:\/\/www.jeomed.com\/ES\/?s={search_term_string}\"},\"query-input\":{\"@type\":\"PropertyValueSpecification\",\"valueRequired\":true,\"valueName\":\"search_term_string\"}}],\"inLanguage\":\"es\"},{\"@type\":\"Organization\",\"@id\":\"https:\/\/www.jeomed.com\/ES\/#organization\",\"name\":\"JEOMED \u0130LA\u00c7 ve SA\u011eLIK \u00dcR\u00dcNLER\u0130 A.\u015e.\",\"url\":\"https:\/\/www.jeomed.com\/ES\/\",\"logo\":{\"@type\":\"ImageObject\",\"inLanguage\":\"es\",\"@id\":\"https:\/\/www.jeomed.com\/ES\/#\/schema\/logo\/image\/\",\"url\":\"https:\/\/www.alfatasarim.net.tr\/jeomed\/wp-content\/uploads\/2025\/10\/jeomed-logo-tto-1_1.jpg\",\"contentUrl\":\"https:\/\/www.alfatasarim.net.tr\/jeomed\/wp-content\/uploads\/2025\/10\/jeomed-logo-tto-1_1.jpg\",\"width\":628,\"height\":227,\"caption\":\"JEOMED \u0130LA\u00c7 ve SA\u011eLIK \u00dcR\u00dcNLER\u0130 A.\u015e.\"},\"image\":{\"@id\":\"https:\/\/www.jeomed.com\/ES\/#\/schema\/logo\/image\/\"}}]}<\/script>\n<!-- \/ Yoast SEO plugin. -->","yoast_head_json":{"title":"TTO-X ESPUMA LIMPIADORA FACIAL PARA PIELES SENSIBLES 200ML - JEOMED \u0130LA\u00c7 ve SA\u011eLIK \u00dcR\u00dcNLER\u0130 A.\u015e.","robots":{"index":"index","follow":"follow","max-snippet":"max-snippet:-1","max-image-preview":"max-image-preview:large","max-video-preview":"max-video-preview:-1"},"canonical":"https:\/\/www.jeomed.com\/ES\/product\/tto-x-yuz-temizleme-kopugu-hassas-cilt-tek\/","og_locale":"es_ES","og_type":"article","og_title":"TTO-X ESPUMA LIMPIADORA FACIAL PARA PIELES SENSIBLES 200ML - JEOMED \u0130LA\u00c7 ve SA\u011eLIK \u00dcR\u00dcNLER\u0130 A.\u015e.","og_description":"TTO-X FACE CLEANSING FOAM FOR SENSITIVE SKIN 200 ML\u00a0 Specially formulated for sensitive skin, TTO-X Face Cleansing Foam gently cleanses while strengthening the skin barrier. Prebiotics support the skin\u2019s natural protective barrier, helping to shield it from environmental factors. Collagen and Hyaluronic Acid help maintain the moisture balance, promoting a plumper, smoother appearance. Rich in [&hellip;]","og_url":"https:\/\/www.jeomed.com\/ES\/product\/tto-x-yuz-temizleme-kopugu-hassas-cilt-tek\/","og_site_name":"JEOMED \u0130LA\u00c7 ve SA\u011eLIK \u00dcR\u00dcNLER\u0130 A.\u015e.","article_modified_time":"2026-01-16T15:19:55+00:00","og_image":[{"width":900,"height":900,"url":"https:\/\/www.jeomed.com\/ES\/wp-content\/uploads\/2025\/11\/tto-x-yuz-temizleme-kopugu-hassas-cilt-tek-kopya.webp","type":"image\/webp"}],"twitter_card":"summary_large_image","twitter_misc":{"Tiempo de lectura":"1 minuto"},"schema":{"@context":"https:\/\/schema.org","@graph":[{"@type":"WebPage","@id":"https:\/\/www.jeomed.com\/ES\/product\/tto-x-yuz-temizleme-kopugu-hassas-cilt-tek\/","url":"https:\/\/www.jeomed.com\/ES\/product\/tto-x-yuz-temizleme-kopugu-hassas-cilt-tek\/","name":"TTO-X ESPUMA LIMPIADORA FACIAL PARA PIELES SENSIBLES 200ML - JEOMED \u0130LA\u00c7 ve SA\u011eLIK \u00dcR\u00dcNLER\u0130 A.\u015e.","isPartOf":{"@id":"https:\/\/www.jeomed.com\/ES\/#website"},"primaryImageOfPage":{"@id":"https:\/\/www.jeomed.com\/ES\/product\/tto-x-yuz-temizleme-kopugu-hassas-cilt-tek\/#primaryimage"},"image":{"@id":"https:\/\/www.jeomed.com\/ES\/product\/tto-x-yuz-temizleme-kopugu-hassas-cilt-tek\/#primaryimage"},"thumbnailUrl":"https:\/\/www.jeomed.com\/ES\/wp-content\/uploads\/2025\/11\/tto-x-yuz-temizleme-kopugu-hassas-cilt-tek-kopya.webp","datePublished":"2025-11-06T09:29:40+00:00","dateModified":"2026-01-16T15:19:55+00:00","breadcrumb":{"@id":"https:\/\/www.jeomed.com\/ES\/product\/tto-x-yuz-temizleme-kopugu-hassas-cilt-tek\/#breadcrumb"},"inLanguage":"es","potentialAction":[{"@type":"ReadAction","target":["https:\/\/www.jeomed.com\/ES\/product\/tto-x-yuz-temizleme-kopugu-hassas-cilt-tek\/"]}]},{"@type":"ImageObject","inLanguage":"es","@id":"https:\/\/www.jeomed.com\/ES\/product\/tto-x-yuz-temizleme-kopugu-hassas-cilt-tek\/#primaryimage","url":"https:\/\/www.jeomed.com\/ES\/wp-content\/uploads\/2025\/11\/tto-x-yuz-temizleme-kopugu-hassas-cilt-tek-kopya.webp","contentUrl":"https:\/\/www.jeomed.com\/ES\/wp-content\/uploads\/2025\/11\/tto-x-yuz-temizleme-kopugu-hassas-cilt-tek-kopya.webp","width":900,"height":900},{"@type":"BreadcrumbList","@id":"https:\/\/www.jeomed.com\/ES\/product\/tto-x-yuz-temizleme-kopugu-hassas-cilt-tek\/#breadcrumb","itemListElement":[{"@type":"ListItem","position":1,"name":"Anasayfa","item":"https:\/\/www.jeomed.com\/ES\/"},{"@type":"ListItem","position":2,"name":"Products","item":"https:\/\/www.jeomed.com\/ES\/shop\/"},{"@type":"ListItem","position":3,"name":"TTO-X ESPUMA LIMPIADORA FACIAL PARA PIELES SENSIBLES 200ML"}]},{"@type":"WebSite","@id":"https:\/\/www.jeomed.com\/ES\/#website","url":"https:\/\/www.jeomed.com\/ES\/","name":"JEOMED \u0130LA\u00c7 ve SA\u011eLIK \u00dcR\u00dcNLER\u0130 A.\u015e.","description":"Yenilik\u00e7i G\u00fc\u00e7, Global Ba\u015far\u0131","publisher":{"@id":"https:\/\/www.jeomed.com\/ES\/#organization"},"potentialAction":[{"@type":"SearchAction","target":{"@type":"EntryPoint","urlTemplate":"https:\/\/www.jeomed.com\/ES\/?s={search_term_string}"},"query-input":{"@type":"PropertyValueSpecification","valueRequired":true,"valueName":"search_term_string"}}],"inLanguage":"es"},{"@type":"Organization","@id":"https:\/\/www.jeomed.com\/ES\/#organization","name":"JEOMED \u0130LA\u00c7 ve SA\u011eLIK \u00dcR\u00dcNLER\u0130 A.\u015e.","url":"https:\/\/www.jeomed.com\/ES\/","logo":{"@type":"ImageObject","inLanguage":"es","@id":"https:\/\/www.jeomed.com\/ES\/#\/schema\/logo\/image\/","url":"https:\/\/www.alfatasarim.net.tr\/jeomed\/wp-content\/uploads\/2025\/10\/jeomed-logo-tto-1_1.jpg","contentUrl":"https:\/\/www.alfatasarim.net.tr\/jeomed\/wp-content\/uploads\/2025\/10\/jeomed-logo-tto-1_1.jpg","width":628,"height":227,"caption":"JEOMED \u0130LA\u00c7 ve SA\u011eLIK \u00dcR\u00dcNLER\u0130 A.\u015e."},"image":{"@id":"https:\/\/www.jeomed.com\/ES\/#\/schema\/logo\/image\/"}}]}},"_links":{"self":[{"href":"https:\/\/www.jeomed.com\/ES\/wp-json\/wp\/v2\/product\/1471","targetHints":{"allow":["GET"]}}],"collection":[{"href":"https:\/\/www.jeomed.com\/ES\/wp-json\/wp\/v2\/product"}],"about":[{"href":"https:\/\/www.jeomed.com\/ES\/wp-json\/wp\/v2\/types\/product"}],"replies":[{"embeddable":true,"href":"https:\/\/www.jeomed.com\/ES\/wp-json\/wp\/v2\/comments?post=1471"}],"wp:featuredmedia":[{"embeddable":true,"href":"https:\/\/www.jeomed.com\/ES\/wp-json\/wp\/v2\/media\/1301"}],"wp:attachment":[{"href":"https:\/\/www.jeomed.com\/ES\/wp-json\/wp\/v2\/media?parent=1471"}],"wp:term":[{"taxonomy":"product_brand","embeddable":true,"href":"https:\/\/www.jeomed.com\/ES\/wp-json\/wp\/v2\/product_brand?post=1471"},{"taxonomy":"product_cat","embeddable":true,"href":"https:\/\/www.jeomed.com\/ES\/wp-json\/wp\/v2\/product_cat?post=1471"},{"taxonomy":"product_tag","embeddable":true,"href":"https:\/\/www.jeomed.com\/ES\/wp-json\/wp\/v2\/product_tag?post=1471"}],"curies":[{"name":"wp","href":"https:\/\/api.w.org\/{rel}","templated":true}]}}