{"id":1460,"date":"2025-11-06T09:25:42","date_gmt":"2025-11-06T09:25:42","guid":{"rendered":"https:\/\/www.alfatasarim.net.tr\/jeomed\/?post_type=product&#038;p=1460"},"modified":"2026-01-16T15:23:22","modified_gmt":"2026-01-16T15:23:22","slug":"tto-kil-maskesi-yosun","status":"publish","type":"product","link":"https:\/\/www.jeomed.com\/ES\/product\/tto-kil-maskesi-yosun\/","title":{"rendered":"MASCARILLA DE ARCILLA T\u00c9RMICA TTO EXTRACTO DE ALGAS MARINAS Y EXTRACTO DE ARROZ 12 PIEZAS \/ CAJA"},"content":{"rendered":"<p><b>TTO THERMAL CLAY MASK SEAWEED EXTRACT &amp; RICE EXTRACT 12 PCS\/BOX<\/b><\/p>\n<p><b><\/b><span style=\"font-weight: 400;\">TTO THERMAL CLAY MASK&#8217;s special formula both purifies the skin, provides nourishment and hydration, while natural clay helps remove excess oil and minimize the appearance of pores. Enriched with Seaweed Extract and Rice Extract, it provides antioxidant support and helps even out skin tone. Centella Asiatica Extract strengthens the skin barrier. Prebiotic ingredients (Glucose, Maltose, Fructooligosaccharides, Inulin) help maintain moisture balance. With regular use, skin appears so<\/span><span style=\"font-weight: 400;\">\ufb05<\/span><span style=\"font-weight: 400;\">er, clearer, and more radiant.<\/span><\/p>\n","protected":false},"excerpt":{"rendered":"<p>TTO THERMAL CLAY MASK SEAWEED EXTRACT &amp; RICE EXTRACT 12 PCS\/BOX TTO THERMAL CLAY MASK&#8217;s special formula both purifies the skin, provides nourishment and hydration, while natural clay helps remove excess oil and minimize the appearance of pores. Enriched with Seaweed Extract and Rice Extract, it provides antioxidant support and helps even out skin tone. [&hellip;]<\/p>\n","protected":false},"featured_media":1290,"comment_status":"open","ping_status":"closed","template":"","meta":{"_acf_changed":false,"inline_featured_image":false},"product_brand":[],"product_cat":[70],"product_tag":[],"class_list":{"0":"post-1460","1":"product","2":"type-product","3":"status-publish","4":"has-post-thumbnail","6":"product_cat-facial-care-products","8":"first","9":"instock","10":"shipping-taxable","11":"product-type-simple"},"acf":[],"yoast_head":"<!-- This site is optimized with the Yoast SEO plugin v26.3 - https:\/\/yoast.com\/wordpress\/plugins\/seo\/ -->\n<title>MASCARILLA DE ARCILLA T\u00c9RMICA TTO EXTRACTO DE ALGAS MARINAS Y EXTRACTO DE ARROZ 12 PIEZAS \/ CAJA - JEOMED \u0130LA\u00c7 ve SA\u011eLIK \u00dcR\u00dcNLER\u0130 A.\u015e.<\/title>\n<meta name=\"robots\" content=\"index, follow, max-snippet:-1, max-image-preview:large, max-video-preview:-1\" \/>\n<link rel=\"canonical\" href=\"https:\/\/www.jeomed.com\/ES\/product\/tto-kil-maskesi-yosun\/\" \/>\n<meta property=\"og:locale\" content=\"es_ES\" \/>\n<meta property=\"og:type\" content=\"article\" \/>\n<meta property=\"og:title\" content=\"MASCARILLA DE ARCILLA T\u00c9RMICA TTO EXTRACTO DE ALGAS MARINAS Y EXTRACTO DE ARROZ 12 PIEZAS \/ CAJA - JEOMED \u0130LA\u00c7 ve SA\u011eLIK \u00dcR\u00dcNLER\u0130 A.\u015e.\" \/>\n<meta property=\"og:description\" content=\"TTO THERMAL CLAY MASK SEAWEED EXTRACT &amp; RICE EXTRACT 12 PCS\/BOX TTO THERMAL CLAY MASK&#8217;s special formula both purifies the skin, provides nourishment and hydration, while natural clay helps remove excess oil and minimize the appearance of pores. Enriched with Seaweed Extract and Rice Extract, it provides antioxidant support and helps even out skin tone. [&hellip;]\" \/>\n<meta property=\"og:url\" content=\"https:\/\/www.jeomed.com\/ES\/product\/tto-kil-maskesi-yosun\/\" \/>\n<meta property=\"og:site_name\" content=\"JEOMED \u0130LA\u00c7 ve SA\u011eLIK \u00dcR\u00dcNLER\u0130 A.\u015e.\" \/>\n<meta property=\"article:modified_time\" content=\"2026-01-16T15:23:22+00:00\" \/>\n<meta property=\"og:image\" content=\"https:\/\/www.jeomed.com\/ES\/wp-content\/uploads\/2025\/11\/tto-kil-maskesi-yosun-kopya.webp\" \/>\n\t<meta property=\"og:image:width\" content=\"900\" \/>\n\t<meta property=\"og:image:height\" content=\"900\" \/>\n\t<meta property=\"og:image:type\" content=\"image\/webp\" \/>\n<meta name=\"twitter:card\" content=\"summary_large_image\" \/>\n<meta name=\"twitter:label1\" content=\"Tiempo de lectura\" \/>\n\t<meta name=\"twitter:data1\" content=\"1 minuto\" \/>\n<script type=\"application\/ld+json\" class=\"yoast-schema-graph\">{\"@context\":\"https:\/\/schema.org\",\"@graph\":[{\"@type\":\"WebPage\",\"@id\":\"https:\/\/www.jeomed.com\/ES\/product\/tto-kil-maskesi-yosun\/\",\"url\":\"https:\/\/www.jeomed.com\/ES\/product\/tto-kil-maskesi-yosun\/\",\"name\":\"MASCARILLA DE ARCILLA T\u00c9RMICA TTO EXTRACTO DE ALGAS MARINAS Y EXTRACTO DE ARROZ 12 PIEZAS \/ CAJA - JEOMED \u0130LA\u00c7 ve SA\u011eLIK \u00dcR\u00dcNLER\u0130 A.\u015e.\",\"isPartOf\":{\"@id\":\"https:\/\/www.jeomed.com\/ES\/#website\"},\"primaryImageOfPage\":{\"@id\":\"https:\/\/www.jeomed.com\/ES\/product\/tto-kil-maskesi-yosun\/#primaryimage\"},\"image\":{\"@id\":\"https:\/\/www.jeomed.com\/ES\/product\/tto-kil-maskesi-yosun\/#primaryimage\"},\"thumbnailUrl\":\"https:\/\/www.jeomed.com\/ES\/wp-content\/uploads\/2025\/11\/tto-kil-maskesi-yosun-kopya.webp\",\"datePublished\":\"2025-11-06T09:25:42+00:00\",\"dateModified\":\"2026-01-16T15:23:22+00:00\",\"breadcrumb\":{\"@id\":\"https:\/\/www.jeomed.com\/ES\/product\/tto-kil-maskesi-yosun\/#breadcrumb\"},\"inLanguage\":\"es\",\"potentialAction\":[{\"@type\":\"ReadAction\",\"target\":[\"https:\/\/www.jeomed.com\/ES\/product\/tto-kil-maskesi-yosun\/\"]}]},{\"@type\":\"ImageObject\",\"inLanguage\":\"es\",\"@id\":\"https:\/\/www.jeomed.com\/ES\/product\/tto-kil-maskesi-yosun\/#primaryimage\",\"url\":\"https:\/\/www.jeomed.com\/ES\/wp-content\/uploads\/2025\/11\/tto-kil-maskesi-yosun-kopya.webp\",\"contentUrl\":\"https:\/\/www.jeomed.com\/ES\/wp-content\/uploads\/2025\/11\/tto-kil-maskesi-yosun-kopya.webp\",\"width\":900,\"height\":900},{\"@type\":\"BreadcrumbList\",\"@id\":\"https:\/\/www.jeomed.com\/ES\/product\/tto-kil-maskesi-yosun\/#breadcrumb\",\"itemListElement\":[{\"@type\":\"ListItem\",\"position\":1,\"name\":\"Anasayfa\",\"item\":\"https:\/\/www.jeomed.com\/ES\/\"},{\"@type\":\"ListItem\",\"position\":2,\"name\":\"Products\",\"item\":\"https:\/\/www.jeomed.com\/ES\/shop\/\"},{\"@type\":\"ListItem\",\"position\":3,\"name\":\"MASCARILLA DE ARCILLA T\u00c9RMICA TTO EXTRACTO DE ALGAS MARINAS Y EXTRACTO DE ARROZ 12 PIEZAS \/ CAJA\"}]},{\"@type\":\"WebSite\",\"@id\":\"https:\/\/www.jeomed.com\/ES\/#website\",\"url\":\"https:\/\/www.jeomed.com\/ES\/\",\"name\":\"JEOMED \u0130LA\u00c7 ve SA\u011eLIK \u00dcR\u00dcNLER\u0130 A.\u015e.\",\"description\":\"Yenilik\u00e7i G\u00fc\u00e7, Global Ba\u015far\u0131\",\"publisher\":{\"@id\":\"https:\/\/www.jeomed.com\/ES\/#organization\"},\"potentialAction\":[{\"@type\":\"SearchAction\",\"target\":{\"@type\":\"EntryPoint\",\"urlTemplate\":\"https:\/\/www.jeomed.com\/ES\/?s={search_term_string}\"},\"query-input\":{\"@type\":\"PropertyValueSpecification\",\"valueRequired\":true,\"valueName\":\"search_term_string\"}}],\"inLanguage\":\"es\"},{\"@type\":\"Organization\",\"@id\":\"https:\/\/www.jeomed.com\/ES\/#organization\",\"name\":\"JEOMED \u0130LA\u00c7 ve SA\u011eLIK \u00dcR\u00dcNLER\u0130 A.\u015e.\",\"url\":\"https:\/\/www.jeomed.com\/ES\/\",\"logo\":{\"@type\":\"ImageObject\",\"inLanguage\":\"es\",\"@id\":\"https:\/\/www.jeomed.com\/ES\/#\/schema\/logo\/image\/\",\"url\":\"https:\/\/www.alfatasarim.net.tr\/jeomed\/wp-content\/uploads\/2025\/10\/jeomed-logo-tto-1_1.jpg\",\"contentUrl\":\"https:\/\/www.alfatasarim.net.tr\/jeomed\/wp-content\/uploads\/2025\/10\/jeomed-logo-tto-1_1.jpg\",\"width\":628,\"height\":227,\"caption\":\"JEOMED \u0130LA\u00c7 ve SA\u011eLIK \u00dcR\u00dcNLER\u0130 A.\u015e.\"},\"image\":{\"@id\":\"https:\/\/www.jeomed.com\/ES\/#\/schema\/logo\/image\/\"}}]}<\/script>\n<!-- \/ Yoast SEO plugin. -->","yoast_head_json":{"title":"MASCARILLA DE ARCILLA T\u00c9RMICA TTO EXTRACTO DE ALGAS MARINAS Y EXTRACTO DE ARROZ 12 PIEZAS \/ CAJA - JEOMED \u0130LA\u00c7 ve SA\u011eLIK \u00dcR\u00dcNLER\u0130 A.\u015e.","robots":{"index":"index","follow":"follow","max-snippet":"max-snippet:-1","max-image-preview":"max-image-preview:large","max-video-preview":"max-video-preview:-1"},"canonical":"https:\/\/www.jeomed.com\/ES\/product\/tto-kil-maskesi-yosun\/","og_locale":"es_ES","og_type":"article","og_title":"MASCARILLA DE ARCILLA T\u00c9RMICA TTO EXTRACTO DE ALGAS MARINAS Y EXTRACTO DE ARROZ 12 PIEZAS \/ CAJA - JEOMED \u0130LA\u00c7 ve SA\u011eLIK \u00dcR\u00dcNLER\u0130 A.\u015e.","og_description":"TTO THERMAL CLAY MASK SEAWEED EXTRACT &amp; RICE EXTRACT 12 PCS\/BOX TTO THERMAL CLAY MASK&#8217;s special formula both purifies the skin, provides nourishment and hydration, while natural clay helps remove excess oil and minimize the appearance of pores. Enriched with Seaweed Extract and Rice Extract, it provides antioxidant support and helps even out skin tone. [&hellip;]","og_url":"https:\/\/www.jeomed.com\/ES\/product\/tto-kil-maskesi-yosun\/","og_site_name":"JEOMED \u0130LA\u00c7 ve SA\u011eLIK \u00dcR\u00dcNLER\u0130 A.\u015e.","article_modified_time":"2026-01-16T15:23:22+00:00","og_image":[{"width":900,"height":900,"url":"https:\/\/www.jeomed.com\/ES\/wp-content\/uploads\/2025\/11\/tto-kil-maskesi-yosun-kopya.webp","type":"image\/webp"}],"twitter_card":"summary_large_image","twitter_misc":{"Tiempo de lectura":"1 minuto"},"schema":{"@context":"https:\/\/schema.org","@graph":[{"@type":"WebPage","@id":"https:\/\/www.jeomed.com\/ES\/product\/tto-kil-maskesi-yosun\/","url":"https:\/\/www.jeomed.com\/ES\/product\/tto-kil-maskesi-yosun\/","name":"MASCARILLA DE ARCILLA T\u00c9RMICA TTO EXTRACTO DE ALGAS MARINAS Y EXTRACTO DE ARROZ 12 PIEZAS \/ CAJA - JEOMED \u0130LA\u00c7 ve SA\u011eLIK \u00dcR\u00dcNLER\u0130 A.\u015e.","isPartOf":{"@id":"https:\/\/www.jeomed.com\/ES\/#website"},"primaryImageOfPage":{"@id":"https:\/\/www.jeomed.com\/ES\/product\/tto-kil-maskesi-yosun\/#primaryimage"},"image":{"@id":"https:\/\/www.jeomed.com\/ES\/product\/tto-kil-maskesi-yosun\/#primaryimage"},"thumbnailUrl":"https:\/\/www.jeomed.com\/ES\/wp-content\/uploads\/2025\/11\/tto-kil-maskesi-yosun-kopya.webp","datePublished":"2025-11-06T09:25:42+00:00","dateModified":"2026-01-16T15:23:22+00:00","breadcrumb":{"@id":"https:\/\/www.jeomed.com\/ES\/product\/tto-kil-maskesi-yosun\/#breadcrumb"},"inLanguage":"es","potentialAction":[{"@type":"ReadAction","target":["https:\/\/www.jeomed.com\/ES\/product\/tto-kil-maskesi-yosun\/"]}]},{"@type":"ImageObject","inLanguage":"es","@id":"https:\/\/www.jeomed.com\/ES\/product\/tto-kil-maskesi-yosun\/#primaryimage","url":"https:\/\/www.jeomed.com\/ES\/wp-content\/uploads\/2025\/11\/tto-kil-maskesi-yosun-kopya.webp","contentUrl":"https:\/\/www.jeomed.com\/ES\/wp-content\/uploads\/2025\/11\/tto-kil-maskesi-yosun-kopya.webp","width":900,"height":900},{"@type":"BreadcrumbList","@id":"https:\/\/www.jeomed.com\/ES\/product\/tto-kil-maskesi-yosun\/#breadcrumb","itemListElement":[{"@type":"ListItem","position":1,"name":"Anasayfa","item":"https:\/\/www.jeomed.com\/ES\/"},{"@type":"ListItem","position":2,"name":"Products","item":"https:\/\/www.jeomed.com\/ES\/shop\/"},{"@type":"ListItem","position":3,"name":"MASCARILLA DE ARCILLA T\u00c9RMICA TTO EXTRACTO DE ALGAS MARINAS Y EXTRACTO DE ARROZ 12 PIEZAS \/ CAJA"}]},{"@type":"WebSite","@id":"https:\/\/www.jeomed.com\/ES\/#website","url":"https:\/\/www.jeomed.com\/ES\/","name":"JEOMED \u0130LA\u00c7 ve SA\u011eLIK \u00dcR\u00dcNLER\u0130 A.\u015e.","description":"Yenilik\u00e7i G\u00fc\u00e7, Global Ba\u015far\u0131","publisher":{"@id":"https:\/\/www.jeomed.com\/ES\/#organization"},"potentialAction":[{"@type":"SearchAction","target":{"@type":"EntryPoint","urlTemplate":"https:\/\/www.jeomed.com\/ES\/?s={search_term_string}"},"query-input":{"@type":"PropertyValueSpecification","valueRequired":true,"valueName":"search_term_string"}}],"inLanguage":"es"},{"@type":"Organization","@id":"https:\/\/www.jeomed.com\/ES\/#organization","name":"JEOMED \u0130LA\u00c7 ve SA\u011eLIK \u00dcR\u00dcNLER\u0130 A.\u015e.","url":"https:\/\/www.jeomed.com\/ES\/","logo":{"@type":"ImageObject","inLanguage":"es","@id":"https:\/\/www.jeomed.com\/ES\/#\/schema\/logo\/image\/","url":"https:\/\/www.alfatasarim.net.tr\/jeomed\/wp-content\/uploads\/2025\/10\/jeomed-logo-tto-1_1.jpg","contentUrl":"https:\/\/www.alfatasarim.net.tr\/jeomed\/wp-content\/uploads\/2025\/10\/jeomed-logo-tto-1_1.jpg","width":628,"height":227,"caption":"JEOMED \u0130LA\u00c7 ve SA\u011eLIK \u00dcR\u00dcNLER\u0130 A.\u015e."},"image":{"@id":"https:\/\/www.jeomed.com\/ES\/#\/schema\/logo\/image\/"}}]}},"_links":{"self":[{"href":"https:\/\/www.jeomed.com\/ES\/wp-json\/wp\/v2\/product\/1460","targetHints":{"allow":["GET"]}}],"collection":[{"href":"https:\/\/www.jeomed.com\/ES\/wp-json\/wp\/v2\/product"}],"about":[{"href":"https:\/\/www.jeomed.com\/ES\/wp-json\/wp\/v2\/types\/product"}],"replies":[{"embeddable":true,"href":"https:\/\/www.jeomed.com\/ES\/wp-json\/wp\/v2\/comments?post=1460"}],"wp:featuredmedia":[{"embeddable":true,"href":"https:\/\/www.jeomed.com\/ES\/wp-json\/wp\/v2\/media\/1290"}],"wp:attachment":[{"href":"https:\/\/www.jeomed.com\/ES\/wp-json\/wp\/v2\/media?parent=1460"}],"wp:term":[{"taxonomy":"product_brand","embeddable":true,"href":"https:\/\/www.jeomed.com\/ES\/wp-json\/wp\/v2\/product_brand?post=1460"},{"taxonomy":"product_cat","embeddable":true,"href":"https:\/\/www.jeomed.com\/ES\/wp-json\/wp\/v2\/product_cat?post=1460"},{"taxonomy":"product_tag","embeddable":true,"href":"https:\/\/www.jeomed.com\/ES\/wp-json\/wp\/v2\/product_tag?post=1460"}],"curies":[{"name":"wp","href":"https:\/\/api.w.org\/{rel}","templated":true}]}}