{"id":1451,"date":"2025-11-06T09:22:41","date_gmt":"2025-11-06T09:22:41","guid":{"rendered":"https:\/\/www.alfatasarim.net.tr\/jeomed\/?post_type=product&#038;p=1451"},"modified":"2026-01-16T15:25:01","modified_gmt":"2026-01-16T15:25:01","slug":"tto-clinic-yuz-temizleme-kopugu","status":"publish","type":"product","link":"https:\/\/www.jeomed.com\/ES\/product\/tto-clinic-yuz-temizleme-kopugu\/","title":{"rendered":"ESPUMA LIMPIADORA FACIAL TTO CLINIC 200 ML"},"content":{"rendered":"<p><b>TTO CLINIC FACE CLEANSING FOAM 200 ML<\/b><\/p>\n<p><span style=\"font-weight: 400;\">Specially formulated, TTO CLINIC Face Cleansing Foam is enriched with powerful ingredients to help maintain your skin&#8217;s natural glow. Niacinamide and Glutathione assist in balancing skin tone and adding radiance, while Sea Buckthorn Oil and Hyaluronic Acid deeply moisturize and nourish the skin. With Salicylic Acid, it helps balance sebum production, preventing acne and pore formation. You can use it daily, morning and evening. With regular use, it helps your skin appear healthier, smoother, and more radiant.<\/span><\/p>\n","protected":false},"excerpt":{"rendered":"<p>TTO CLINIC FACE CLEANSING FOAM 200 ML Specially formulated, TTO CLINIC Face Cleansing Foam is enriched with powerful ingredients to help maintain your skin&#8217;s natural glow. Niacinamide and Glutathione assist in balancing skin tone and adding radiance, while Sea Buckthorn Oil and Hyaluronic Acid deeply moisturize and nourish the skin. With Salicylic Acid, it helps [&hellip;]<\/p>\n","protected":false},"featured_media":1281,"comment_status":"open","ping_status":"closed","template":"","meta":{"_acf_changed":false,"inline_featured_image":false},"product_brand":[],"product_cat":[70],"product_tag":[],"class_list":{"0":"post-1451","1":"product","2":"type-product","3":"status-publish","4":"has-post-thumbnail","6":"product_cat-facial-care-products","8":"first","9":"instock","10":"shipping-taxable","11":"product-type-simple"},"acf":[],"yoast_head":"<!-- This site is optimized with the Yoast SEO plugin v26.3 - https:\/\/yoast.com\/wordpress\/plugins\/seo\/ -->\n<title>ESPUMA LIMPIADORA FACIAL TTO CLINIC 200 ML - JEOMED \u0130LA\u00c7 ve SA\u011eLIK \u00dcR\u00dcNLER\u0130 A.\u015e.<\/title>\n<meta name=\"robots\" content=\"index, follow, max-snippet:-1, max-image-preview:large, max-video-preview:-1\" \/>\n<link rel=\"canonical\" href=\"https:\/\/www.jeomed.com\/ES\/product\/tto-clinic-yuz-temizleme-kopugu\/\" \/>\n<meta property=\"og:locale\" content=\"es_ES\" \/>\n<meta property=\"og:type\" content=\"article\" \/>\n<meta property=\"og:title\" content=\"ESPUMA LIMPIADORA FACIAL TTO CLINIC 200 ML - JEOMED \u0130LA\u00c7 ve SA\u011eLIK \u00dcR\u00dcNLER\u0130 A.\u015e.\" \/>\n<meta property=\"og:description\" content=\"TTO CLINIC FACE CLEANSING FOAM 200 ML Specially formulated, TTO CLINIC Face Cleansing Foam is enriched with powerful ingredients to help maintain your skin&#8217;s natural glow. Niacinamide and Glutathione assist in balancing skin tone and adding radiance, while Sea Buckthorn Oil and Hyaluronic Acid deeply moisturize and nourish the skin. With Salicylic Acid, it helps [&hellip;]\" \/>\n<meta property=\"og:url\" content=\"https:\/\/www.jeomed.com\/ES\/product\/tto-clinic-yuz-temizleme-kopugu\/\" \/>\n<meta property=\"og:site_name\" content=\"JEOMED \u0130LA\u00c7 ve SA\u011eLIK \u00dcR\u00dcNLER\u0130 A.\u015e.\" \/>\n<meta property=\"article:modified_time\" content=\"2026-01-16T15:25:01+00:00\" \/>\n<meta property=\"og:image\" content=\"https:\/\/www.jeomed.com\/ES\/wp-content\/uploads\/2025\/11\/tto-clinic-yuz-temizleme-kopugu-kopya.webp\" \/>\n\t<meta property=\"og:image:width\" content=\"900\" \/>\n\t<meta property=\"og:image:height\" content=\"900\" \/>\n\t<meta property=\"og:image:type\" content=\"image\/webp\" \/>\n<meta name=\"twitter:card\" content=\"summary_large_image\" \/>\n<meta name=\"twitter:label1\" content=\"Tiempo de lectura\" \/>\n\t<meta name=\"twitter:data1\" content=\"1 minuto\" \/>\n<script type=\"application\/ld+json\" class=\"yoast-schema-graph\">{\"@context\":\"https:\/\/schema.org\",\"@graph\":[{\"@type\":\"WebPage\",\"@id\":\"https:\/\/www.jeomed.com\/ES\/product\/tto-clinic-yuz-temizleme-kopugu\/\",\"url\":\"https:\/\/www.jeomed.com\/ES\/product\/tto-clinic-yuz-temizleme-kopugu\/\",\"name\":\"ESPUMA LIMPIADORA FACIAL TTO CLINIC 200 ML - JEOMED \u0130LA\u00c7 ve SA\u011eLIK \u00dcR\u00dcNLER\u0130 A.\u015e.\",\"isPartOf\":{\"@id\":\"https:\/\/www.jeomed.com\/ES\/#website\"},\"primaryImageOfPage\":{\"@id\":\"https:\/\/www.jeomed.com\/ES\/product\/tto-clinic-yuz-temizleme-kopugu\/#primaryimage\"},\"image\":{\"@id\":\"https:\/\/www.jeomed.com\/ES\/product\/tto-clinic-yuz-temizleme-kopugu\/#primaryimage\"},\"thumbnailUrl\":\"https:\/\/www.jeomed.com\/ES\/wp-content\/uploads\/2025\/11\/tto-clinic-yuz-temizleme-kopugu-kopya.webp\",\"datePublished\":\"2025-11-06T09:22:41+00:00\",\"dateModified\":\"2026-01-16T15:25:01+00:00\",\"breadcrumb\":{\"@id\":\"https:\/\/www.jeomed.com\/ES\/product\/tto-clinic-yuz-temizleme-kopugu\/#breadcrumb\"},\"inLanguage\":\"es\",\"potentialAction\":[{\"@type\":\"ReadAction\",\"target\":[\"https:\/\/www.jeomed.com\/ES\/product\/tto-clinic-yuz-temizleme-kopugu\/\"]}]},{\"@type\":\"ImageObject\",\"inLanguage\":\"es\",\"@id\":\"https:\/\/www.jeomed.com\/ES\/product\/tto-clinic-yuz-temizleme-kopugu\/#primaryimage\",\"url\":\"https:\/\/www.jeomed.com\/ES\/wp-content\/uploads\/2025\/11\/tto-clinic-yuz-temizleme-kopugu-kopya.webp\",\"contentUrl\":\"https:\/\/www.jeomed.com\/ES\/wp-content\/uploads\/2025\/11\/tto-clinic-yuz-temizleme-kopugu-kopya.webp\",\"width\":900,\"height\":900},{\"@type\":\"BreadcrumbList\",\"@id\":\"https:\/\/www.jeomed.com\/ES\/product\/tto-clinic-yuz-temizleme-kopugu\/#breadcrumb\",\"itemListElement\":[{\"@type\":\"ListItem\",\"position\":1,\"name\":\"Anasayfa\",\"item\":\"https:\/\/www.jeomed.com\/ES\/\"},{\"@type\":\"ListItem\",\"position\":2,\"name\":\"Products\",\"item\":\"https:\/\/www.jeomed.com\/ES\/shop\/\"},{\"@type\":\"ListItem\",\"position\":3,\"name\":\"ESPUMA LIMPIADORA FACIAL TTO CLINIC 200 ML\"}]},{\"@type\":\"WebSite\",\"@id\":\"https:\/\/www.jeomed.com\/ES\/#website\",\"url\":\"https:\/\/www.jeomed.com\/ES\/\",\"name\":\"JEOMED \u0130LA\u00c7 ve SA\u011eLIK \u00dcR\u00dcNLER\u0130 A.\u015e.\",\"description\":\"Yenilik\u00e7i G\u00fc\u00e7, Global Ba\u015far\u0131\",\"publisher\":{\"@id\":\"https:\/\/www.jeomed.com\/ES\/#organization\"},\"potentialAction\":[{\"@type\":\"SearchAction\",\"target\":{\"@type\":\"EntryPoint\",\"urlTemplate\":\"https:\/\/www.jeomed.com\/ES\/?s={search_term_string}\"},\"query-input\":{\"@type\":\"PropertyValueSpecification\",\"valueRequired\":true,\"valueName\":\"search_term_string\"}}],\"inLanguage\":\"es\"},{\"@type\":\"Organization\",\"@id\":\"https:\/\/www.jeomed.com\/ES\/#organization\",\"name\":\"JEOMED \u0130LA\u00c7 ve SA\u011eLIK \u00dcR\u00dcNLER\u0130 A.\u015e.\",\"url\":\"https:\/\/www.jeomed.com\/ES\/\",\"logo\":{\"@type\":\"ImageObject\",\"inLanguage\":\"es\",\"@id\":\"https:\/\/www.jeomed.com\/ES\/#\/schema\/logo\/image\/\",\"url\":\"https:\/\/www.alfatasarim.net.tr\/jeomed\/wp-content\/uploads\/2025\/10\/jeomed-logo-tto-1_1.jpg\",\"contentUrl\":\"https:\/\/www.alfatasarim.net.tr\/jeomed\/wp-content\/uploads\/2025\/10\/jeomed-logo-tto-1_1.jpg\",\"width\":628,\"height\":227,\"caption\":\"JEOMED \u0130LA\u00c7 ve SA\u011eLIK \u00dcR\u00dcNLER\u0130 A.\u015e.\"},\"image\":{\"@id\":\"https:\/\/www.jeomed.com\/ES\/#\/schema\/logo\/image\/\"}}]}<\/script>\n<!-- \/ Yoast SEO plugin. -->","yoast_head_json":{"title":"ESPUMA LIMPIADORA FACIAL TTO CLINIC 200 ML - JEOMED \u0130LA\u00c7 ve SA\u011eLIK \u00dcR\u00dcNLER\u0130 A.\u015e.","robots":{"index":"index","follow":"follow","max-snippet":"max-snippet:-1","max-image-preview":"max-image-preview:large","max-video-preview":"max-video-preview:-1"},"canonical":"https:\/\/www.jeomed.com\/ES\/product\/tto-clinic-yuz-temizleme-kopugu\/","og_locale":"es_ES","og_type":"article","og_title":"ESPUMA LIMPIADORA FACIAL TTO CLINIC 200 ML - JEOMED \u0130LA\u00c7 ve SA\u011eLIK \u00dcR\u00dcNLER\u0130 A.\u015e.","og_description":"TTO CLINIC FACE CLEANSING FOAM 200 ML Specially formulated, TTO CLINIC Face Cleansing Foam is enriched with powerful ingredients to help maintain your skin&#8217;s natural glow. Niacinamide and Glutathione assist in balancing skin tone and adding radiance, while Sea Buckthorn Oil and Hyaluronic Acid deeply moisturize and nourish the skin. With Salicylic Acid, it helps [&hellip;]","og_url":"https:\/\/www.jeomed.com\/ES\/product\/tto-clinic-yuz-temizleme-kopugu\/","og_site_name":"JEOMED \u0130LA\u00c7 ve SA\u011eLIK \u00dcR\u00dcNLER\u0130 A.\u015e.","article_modified_time":"2026-01-16T15:25:01+00:00","og_image":[{"width":900,"height":900,"url":"https:\/\/www.jeomed.com\/ES\/wp-content\/uploads\/2025\/11\/tto-clinic-yuz-temizleme-kopugu-kopya.webp","type":"image\/webp"}],"twitter_card":"summary_large_image","twitter_misc":{"Tiempo de lectura":"1 minuto"},"schema":{"@context":"https:\/\/schema.org","@graph":[{"@type":"WebPage","@id":"https:\/\/www.jeomed.com\/ES\/product\/tto-clinic-yuz-temizleme-kopugu\/","url":"https:\/\/www.jeomed.com\/ES\/product\/tto-clinic-yuz-temizleme-kopugu\/","name":"ESPUMA LIMPIADORA FACIAL TTO CLINIC 200 ML - JEOMED \u0130LA\u00c7 ve SA\u011eLIK \u00dcR\u00dcNLER\u0130 A.\u015e.","isPartOf":{"@id":"https:\/\/www.jeomed.com\/ES\/#website"},"primaryImageOfPage":{"@id":"https:\/\/www.jeomed.com\/ES\/product\/tto-clinic-yuz-temizleme-kopugu\/#primaryimage"},"image":{"@id":"https:\/\/www.jeomed.com\/ES\/product\/tto-clinic-yuz-temizleme-kopugu\/#primaryimage"},"thumbnailUrl":"https:\/\/www.jeomed.com\/ES\/wp-content\/uploads\/2025\/11\/tto-clinic-yuz-temizleme-kopugu-kopya.webp","datePublished":"2025-11-06T09:22:41+00:00","dateModified":"2026-01-16T15:25:01+00:00","breadcrumb":{"@id":"https:\/\/www.jeomed.com\/ES\/product\/tto-clinic-yuz-temizleme-kopugu\/#breadcrumb"},"inLanguage":"es","potentialAction":[{"@type":"ReadAction","target":["https:\/\/www.jeomed.com\/ES\/product\/tto-clinic-yuz-temizleme-kopugu\/"]}]},{"@type":"ImageObject","inLanguage":"es","@id":"https:\/\/www.jeomed.com\/ES\/product\/tto-clinic-yuz-temizleme-kopugu\/#primaryimage","url":"https:\/\/www.jeomed.com\/ES\/wp-content\/uploads\/2025\/11\/tto-clinic-yuz-temizleme-kopugu-kopya.webp","contentUrl":"https:\/\/www.jeomed.com\/ES\/wp-content\/uploads\/2025\/11\/tto-clinic-yuz-temizleme-kopugu-kopya.webp","width":900,"height":900},{"@type":"BreadcrumbList","@id":"https:\/\/www.jeomed.com\/ES\/product\/tto-clinic-yuz-temizleme-kopugu\/#breadcrumb","itemListElement":[{"@type":"ListItem","position":1,"name":"Anasayfa","item":"https:\/\/www.jeomed.com\/ES\/"},{"@type":"ListItem","position":2,"name":"Products","item":"https:\/\/www.jeomed.com\/ES\/shop\/"},{"@type":"ListItem","position":3,"name":"ESPUMA LIMPIADORA FACIAL TTO CLINIC 200 ML"}]},{"@type":"WebSite","@id":"https:\/\/www.jeomed.com\/ES\/#website","url":"https:\/\/www.jeomed.com\/ES\/","name":"JEOMED \u0130LA\u00c7 ve SA\u011eLIK \u00dcR\u00dcNLER\u0130 A.\u015e.","description":"Yenilik\u00e7i G\u00fc\u00e7, Global Ba\u015far\u0131","publisher":{"@id":"https:\/\/www.jeomed.com\/ES\/#organization"},"potentialAction":[{"@type":"SearchAction","target":{"@type":"EntryPoint","urlTemplate":"https:\/\/www.jeomed.com\/ES\/?s={search_term_string}"},"query-input":{"@type":"PropertyValueSpecification","valueRequired":true,"valueName":"search_term_string"}}],"inLanguage":"es"},{"@type":"Organization","@id":"https:\/\/www.jeomed.com\/ES\/#organization","name":"JEOMED \u0130LA\u00c7 ve SA\u011eLIK \u00dcR\u00dcNLER\u0130 A.\u015e.","url":"https:\/\/www.jeomed.com\/ES\/","logo":{"@type":"ImageObject","inLanguage":"es","@id":"https:\/\/www.jeomed.com\/ES\/#\/schema\/logo\/image\/","url":"https:\/\/www.alfatasarim.net.tr\/jeomed\/wp-content\/uploads\/2025\/10\/jeomed-logo-tto-1_1.jpg","contentUrl":"https:\/\/www.alfatasarim.net.tr\/jeomed\/wp-content\/uploads\/2025\/10\/jeomed-logo-tto-1_1.jpg","width":628,"height":227,"caption":"JEOMED \u0130LA\u00c7 ve SA\u011eLIK \u00dcR\u00dcNLER\u0130 A.\u015e."},"image":{"@id":"https:\/\/www.jeomed.com\/ES\/#\/schema\/logo\/image\/"}}]}},"_links":{"self":[{"href":"https:\/\/www.jeomed.com\/ES\/wp-json\/wp\/v2\/product\/1451","targetHints":{"allow":["GET"]}}],"collection":[{"href":"https:\/\/www.jeomed.com\/ES\/wp-json\/wp\/v2\/product"}],"about":[{"href":"https:\/\/www.jeomed.com\/ES\/wp-json\/wp\/v2\/types\/product"}],"replies":[{"embeddable":true,"href":"https:\/\/www.jeomed.com\/ES\/wp-json\/wp\/v2\/comments?post=1451"}],"wp:featuredmedia":[{"embeddable":true,"href":"https:\/\/www.jeomed.com\/ES\/wp-json\/wp\/v2\/media\/1281"}],"wp:attachment":[{"href":"https:\/\/www.jeomed.com\/ES\/wp-json\/wp\/v2\/media?parent=1451"}],"wp:term":[{"taxonomy":"product_brand","embeddable":true,"href":"https:\/\/www.jeomed.com\/ES\/wp-json\/wp\/v2\/product_brand?post=1451"},{"taxonomy":"product_cat","embeddable":true,"href":"https:\/\/www.jeomed.com\/ES\/wp-json\/wp\/v2\/product_cat?post=1451"},{"taxonomy":"product_tag","embeddable":true,"href":"https:\/\/www.jeomed.com\/ES\/wp-json\/wp\/v2\/product_tag?post=1451"}],"curies":[{"name":"wp","href":"https:\/\/api.w.org\/{rel}","templated":true}]}}