{"id":1395,"date":"2025-11-06T09:01:05","date_gmt":"2025-11-06T09:01:05","guid":{"rendered":"https:\/\/www.alfatasarim.net.tr\/jeomed\/?post_type=product&#038;p=1395"},"modified":"2026-01-16T15:37:20","modified_gmt":"2026-01-16T15:37:20","slug":"tto-sac-ve-vucut-sampuani-black-250-ml","status":"publish","type":"product","link":"https:\/\/www.jeomed.com\/ES\/product\/tto-sac-ve-vucut-sampuani-black-250-ml\/","title":{"rendered":"CHAMP\u00da T\u00c9RMICO PARA CABELLO Y CUERPO NEGRO TTO 250 ML"},"content":{"rendered":"<p><b>TTO THERMAL BLACK HAIR &amp; BODY SHAMPOO 250 ML\u00a0\u00a0<\/b><\/p>\n<p><span style=\"font-weight: 400;\">This specially formulated TTO BLACK HAIR &amp; BODY SHAMPOO contains carefully selected effective and natural ingredients to nourish and maintain the health of your hair and scalp:<\/span><\/p>\n<p><b>Moisturizing and Nourishing Effects:<\/b><span style=\"font-weight: 400;\"> Aloe Vera Extract and Coconut Oil hydrate and add shine to your hair.<\/span><\/p>\n<p><b>Repairing Care:<\/b><span style=\"font-weight: 400;\"> Panthenol helps repair damaged hair strands, enhancing their strength and elasticity while meeting your skin&#8217;s moisture needs.<\/span><\/p>\n<p><b>Vitamin and Herbal Support:<\/b><span style=\"font-weight: 400;\"> Chamomile Extract and Wheat Extract nourish hair from root to tip and leave your skin soft.<\/span><\/p>\n<p><b>Effective Against Dandruff:<\/b><span style=\"font-weight: 400;\"> Salicylic Acid helps protect the scalp against dandruff.<\/span><\/p>\n<p><b>The Power of Natural Oils:<\/b><span style=\"font-weight: 400;\"> Olive Oil, St. John\u2019s Wort Oil, and Sea Buckthorn Oil nourish and strengthen hair, while Tea Tree Oil and Rosemary Oil promote healthier hair.<\/span><\/p>\n<p><span style=\"font-weight: 400;\">With regular use, TTO BLACK HAIR &amp; BODY SHAMPOO deeply nourishes your hair, keeps your scalp healthy, and adds a natural shine to your hair. It is ideal for those with dry, sensitive scalp and skin, those who wish to repair damaged hair, and those struggling with dandruff caused by dryness.<\/span><\/p>\n","protected":false},"excerpt":{"rendered":"<p>TTO THERMAL BLACK HAIR &amp; BODY SHAMPOO 250 ML\u00a0\u00a0 This specially formulated TTO BLACK HAIR &amp; BODY SHAMPOO contains carefully selected effective and natural ingredients to nourish and maintain the health of your hair and scalp: Moisturizing and Nourishing Effects: Aloe Vera Extract and Coconut Oil hydrate and add shine to your hair. Repairing Care: [&hellip;]<\/p>\n","protected":false},"featured_media":1224,"comment_status":"open","ping_status":"closed","template":"","meta":{"_acf_changed":false,"inline_featured_image":false},"product_brand":[],"product_cat":[68],"product_tag":[],"class_list":{"0":"post-1395","1":"product","2":"type-product","3":"status-publish","4":"has-post-thumbnail","6":"product_cat-hair-care-products","8":"first","9":"instock","10":"shipping-taxable","11":"product-type-simple"},"acf":[],"yoast_head":"<!-- This site is optimized with the Yoast SEO plugin v26.3 - https:\/\/yoast.com\/wordpress\/plugins\/seo\/ -->\n<title>CHAMP\u00da T\u00c9RMICO PARA CABELLO Y CUERPO NEGRO TTO 250 ML - JEOMED \u0130LA\u00c7 ve SA\u011eLIK \u00dcR\u00dcNLER\u0130 A.\u015e.<\/title>\n<meta name=\"robots\" content=\"index, follow, max-snippet:-1, max-image-preview:large, max-video-preview:-1\" \/>\n<link rel=\"canonical\" href=\"https:\/\/www.jeomed.com\/ES\/product\/tto-sac-ve-vucut-sampuani-black-250-ml\/\" \/>\n<meta property=\"og:locale\" content=\"es_ES\" \/>\n<meta property=\"og:type\" content=\"article\" \/>\n<meta property=\"og:title\" content=\"CHAMP\u00da T\u00c9RMICO PARA CABELLO Y CUERPO NEGRO TTO 250 ML - JEOMED \u0130LA\u00c7 ve SA\u011eLIK \u00dcR\u00dcNLER\u0130 A.\u015e.\" \/>\n<meta property=\"og:description\" content=\"TTO THERMAL BLACK HAIR &amp; BODY SHAMPOO 250 ML\u00a0\u00a0 This specially formulated TTO BLACK HAIR &amp; BODY SHAMPOO contains carefully selected effective and natural ingredients to nourish and maintain the health of your hair and scalp: Moisturizing and Nourishing Effects: Aloe Vera Extract and Coconut Oil hydrate and add shine to your hair. Repairing Care: [&hellip;]\" \/>\n<meta property=\"og:url\" content=\"https:\/\/www.jeomed.com\/ES\/product\/tto-sac-ve-vucut-sampuani-black-250-ml\/\" \/>\n<meta property=\"og:site_name\" content=\"JEOMED \u0130LA\u00c7 ve SA\u011eLIK \u00dcR\u00dcNLER\u0130 A.\u015e.\" \/>\n<meta property=\"article:modified_time\" content=\"2026-01-16T15:37:20+00:00\" \/>\n<meta property=\"og:image\" content=\"https:\/\/www.jeomed.com\/ES\/wp-content\/uploads\/2025\/11\/tto-sac-ve-vucut-sampuani-black-250-ml-kopya.webp\" \/>\n\t<meta property=\"og:image:width\" content=\"900\" \/>\n\t<meta property=\"og:image:height\" content=\"900\" \/>\n\t<meta property=\"og:image:type\" content=\"image\/webp\" \/>\n<meta name=\"twitter:card\" content=\"summary_large_image\" \/>\n<meta name=\"twitter:label1\" content=\"Tiempo de lectura\" \/>\n\t<meta name=\"twitter:data1\" content=\"1 minuto\" \/>\n<script type=\"application\/ld+json\" class=\"yoast-schema-graph\">{\"@context\":\"https:\/\/schema.org\",\"@graph\":[{\"@type\":\"WebPage\",\"@id\":\"https:\/\/www.jeomed.com\/ES\/product\/tto-sac-ve-vucut-sampuani-black-250-ml\/\",\"url\":\"https:\/\/www.jeomed.com\/ES\/product\/tto-sac-ve-vucut-sampuani-black-250-ml\/\",\"name\":\"CHAMP\u00da T\u00c9RMICO PARA CABELLO Y CUERPO NEGRO TTO 250 ML - JEOMED \u0130LA\u00c7 ve SA\u011eLIK \u00dcR\u00dcNLER\u0130 A.\u015e.\",\"isPartOf\":{\"@id\":\"https:\/\/www.jeomed.com\/ES\/#website\"},\"primaryImageOfPage\":{\"@id\":\"https:\/\/www.jeomed.com\/ES\/product\/tto-sac-ve-vucut-sampuani-black-250-ml\/#primaryimage\"},\"image\":{\"@id\":\"https:\/\/www.jeomed.com\/ES\/product\/tto-sac-ve-vucut-sampuani-black-250-ml\/#primaryimage\"},\"thumbnailUrl\":\"https:\/\/www.jeomed.com\/ES\/wp-content\/uploads\/2025\/11\/tto-sac-ve-vucut-sampuani-black-250-ml-kopya.webp\",\"datePublished\":\"2025-11-06T09:01:05+00:00\",\"dateModified\":\"2026-01-16T15:37:20+00:00\",\"breadcrumb\":{\"@id\":\"https:\/\/www.jeomed.com\/ES\/product\/tto-sac-ve-vucut-sampuani-black-250-ml\/#breadcrumb\"},\"inLanguage\":\"es\",\"potentialAction\":[{\"@type\":\"ReadAction\",\"target\":[\"https:\/\/www.jeomed.com\/ES\/product\/tto-sac-ve-vucut-sampuani-black-250-ml\/\"]}]},{\"@type\":\"ImageObject\",\"inLanguage\":\"es\",\"@id\":\"https:\/\/www.jeomed.com\/ES\/product\/tto-sac-ve-vucut-sampuani-black-250-ml\/#primaryimage\",\"url\":\"https:\/\/www.jeomed.com\/ES\/wp-content\/uploads\/2025\/11\/tto-sac-ve-vucut-sampuani-black-250-ml-kopya.webp\",\"contentUrl\":\"https:\/\/www.jeomed.com\/ES\/wp-content\/uploads\/2025\/11\/tto-sac-ve-vucut-sampuani-black-250-ml-kopya.webp\",\"width\":900,\"height\":900},{\"@type\":\"BreadcrumbList\",\"@id\":\"https:\/\/www.jeomed.com\/ES\/product\/tto-sac-ve-vucut-sampuani-black-250-ml\/#breadcrumb\",\"itemListElement\":[{\"@type\":\"ListItem\",\"position\":1,\"name\":\"Anasayfa\",\"item\":\"https:\/\/www.jeomed.com\/ES\/\"},{\"@type\":\"ListItem\",\"position\":2,\"name\":\"Products\",\"item\":\"https:\/\/www.jeomed.com\/ES\/shop\/\"},{\"@type\":\"ListItem\",\"position\":3,\"name\":\"CHAMP\u00da T\u00c9RMICO PARA CABELLO Y CUERPO NEGRO TTO 250 ML\"}]},{\"@type\":\"WebSite\",\"@id\":\"https:\/\/www.jeomed.com\/ES\/#website\",\"url\":\"https:\/\/www.jeomed.com\/ES\/\",\"name\":\"JEOMED \u0130LA\u00c7 ve SA\u011eLIK \u00dcR\u00dcNLER\u0130 A.\u015e.\",\"description\":\"Yenilik\u00e7i G\u00fc\u00e7, Global Ba\u015far\u0131\",\"publisher\":{\"@id\":\"https:\/\/www.jeomed.com\/ES\/#organization\"},\"potentialAction\":[{\"@type\":\"SearchAction\",\"target\":{\"@type\":\"EntryPoint\",\"urlTemplate\":\"https:\/\/www.jeomed.com\/ES\/?s={search_term_string}\"},\"query-input\":{\"@type\":\"PropertyValueSpecification\",\"valueRequired\":true,\"valueName\":\"search_term_string\"}}],\"inLanguage\":\"es\"},{\"@type\":\"Organization\",\"@id\":\"https:\/\/www.jeomed.com\/ES\/#organization\",\"name\":\"JEOMED \u0130LA\u00c7 ve SA\u011eLIK \u00dcR\u00dcNLER\u0130 A.\u015e.\",\"url\":\"https:\/\/www.jeomed.com\/ES\/\",\"logo\":{\"@type\":\"ImageObject\",\"inLanguage\":\"es\",\"@id\":\"https:\/\/www.jeomed.com\/ES\/#\/schema\/logo\/image\/\",\"url\":\"https:\/\/www.alfatasarim.net.tr\/jeomed\/wp-content\/uploads\/2025\/10\/jeomed-logo-tto-1_1.jpg\",\"contentUrl\":\"https:\/\/www.alfatasarim.net.tr\/jeomed\/wp-content\/uploads\/2025\/10\/jeomed-logo-tto-1_1.jpg\",\"width\":628,\"height\":227,\"caption\":\"JEOMED \u0130LA\u00c7 ve SA\u011eLIK \u00dcR\u00dcNLER\u0130 A.\u015e.\"},\"image\":{\"@id\":\"https:\/\/www.jeomed.com\/ES\/#\/schema\/logo\/image\/\"}}]}<\/script>\n<!-- \/ Yoast SEO plugin. -->","yoast_head_json":{"title":"CHAMP\u00da T\u00c9RMICO PARA CABELLO Y CUERPO NEGRO TTO 250 ML - JEOMED \u0130LA\u00c7 ve SA\u011eLIK \u00dcR\u00dcNLER\u0130 A.\u015e.","robots":{"index":"index","follow":"follow","max-snippet":"max-snippet:-1","max-image-preview":"max-image-preview:large","max-video-preview":"max-video-preview:-1"},"canonical":"https:\/\/www.jeomed.com\/ES\/product\/tto-sac-ve-vucut-sampuani-black-250-ml\/","og_locale":"es_ES","og_type":"article","og_title":"CHAMP\u00da T\u00c9RMICO PARA CABELLO Y CUERPO NEGRO TTO 250 ML - JEOMED \u0130LA\u00c7 ve SA\u011eLIK \u00dcR\u00dcNLER\u0130 A.\u015e.","og_description":"TTO THERMAL BLACK HAIR &amp; BODY SHAMPOO 250 ML\u00a0\u00a0 This specially formulated TTO BLACK HAIR &amp; BODY SHAMPOO contains carefully selected effective and natural ingredients to nourish and maintain the health of your hair and scalp: Moisturizing and Nourishing Effects: Aloe Vera Extract and Coconut Oil hydrate and add shine to your hair. Repairing Care: [&hellip;]","og_url":"https:\/\/www.jeomed.com\/ES\/product\/tto-sac-ve-vucut-sampuani-black-250-ml\/","og_site_name":"JEOMED \u0130LA\u00c7 ve SA\u011eLIK \u00dcR\u00dcNLER\u0130 A.\u015e.","article_modified_time":"2026-01-16T15:37:20+00:00","og_image":[{"width":900,"height":900,"url":"https:\/\/www.jeomed.com\/ES\/wp-content\/uploads\/2025\/11\/tto-sac-ve-vucut-sampuani-black-250-ml-kopya.webp","type":"image\/webp"}],"twitter_card":"summary_large_image","twitter_misc":{"Tiempo de lectura":"1 minuto"},"schema":{"@context":"https:\/\/schema.org","@graph":[{"@type":"WebPage","@id":"https:\/\/www.jeomed.com\/ES\/product\/tto-sac-ve-vucut-sampuani-black-250-ml\/","url":"https:\/\/www.jeomed.com\/ES\/product\/tto-sac-ve-vucut-sampuani-black-250-ml\/","name":"CHAMP\u00da T\u00c9RMICO PARA CABELLO Y CUERPO NEGRO TTO 250 ML - JEOMED \u0130LA\u00c7 ve SA\u011eLIK \u00dcR\u00dcNLER\u0130 A.\u015e.","isPartOf":{"@id":"https:\/\/www.jeomed.com\/ES\/#website"},"primaryImageOfPage":{"@id":"https:\/\/www.jeomed.com\/ES\/product\/tto-sac-ve-vucut-sampuani-black-250-ml\/#primaryimage"},"image":{"@id":"https:\/\/www.jeomed.com\/ES\/product\/tto-sac-ve-vucut-sampuani-black-250-ml\/#primaryimage"},"thumbnailUrl":"https:\/\/www.jeomed.com\/ES\/wp-content\/uploads\/2025\/11\/tto-sac-ve-vucut-sampuani-black-250-ml-kopya.webp","datePublished":"2025-11-06T09:01:05+00:00","dateModified":"2026-01-16T15:37:20+00:00","breadcrumb":{"@id":"https:\/\/www.jeomed.com\/ES\/product\/tto-sac-ve-vucut-sampuani-black-250-ml\/#breadcrumb"},"inLanguage":"es","potentialAction":[{"@type":"ReadAction","target":["https:\/\/www.jeomed.com\/ES\/product\/tto-sac-ve-vucut-sampuani-black-250-ml\/"]}]},{"@type":"ImageObject","inLanguage":"es","@id":"https:\/\/www.jeomed.com\/ES\/product\/tto-sac-ve-vucut-sampuani-black-250-ml\/#primaryimage","url":"https:\/\/www.jeomed.com\/ES\/wp-content\/uploads\/2025\/11\/tto-sac-ve-vucut-sampuani-black-250-ml-kopya.webp","contentUrl":"https:\/\/www.jeomed.com\/ES\/wp-content\/uploads\/2025\/11\/tto-sac-ve-vucut-sampuani-black-250-ml-kopya.webp","width":900,"height":900},{"@type":"BreadcrumbList","@id":"https:\/\/www.jeomed.com\/ES\/product\/tto-sac-ve-vucut-sampuani-black-250-ml\/#breadcrumb","itemListElement":[{"@type":"ListItem","position":1,"name":"Anasayfa","item":"https:\/\/www.jeomed.com\/ES\/"},{"@type":"ListItem","position":2,"name":"Products","item":"https:\/\/www.jeomed.com\/ES\/shop\/"},{"@type":"ListItem","position":3,"name":"CHAMP\u00da T\u00c9RMICO PARA CABELLO Y CUERPO NEGRO TTO 250 ML"}]},{"@type":"WebSite","@id":"https:\/\/www.jeomed.com\/ES\/#website","url":"https:\/\/www.jeomed.com\/ES\/","name":"JEOMED \u0130LA\u00c7 ve SA\u011eLIK \u00dcR\u00dcNLER\u0130 A.\u015e.","description":"Yenilik\u00e7i G\u00fc\u00e7, Global Ba\u015far\u0131","publisher":{"@id":"https:\/\/www.jeomed.com\/ES\/#organization"},"potentialAction":[{"@type":"SearchAction","target":{"@type":"EntryPoint","urlTemplate":"https:\/\/www.jeomed.com\/ES\/?s={search_term_string}"},"query-input":{"@type":"PropertyValueSpecification","valueRequired":true,"valueName":"search_term_string"}}],"inLanguage":"es"},{"@type":"Organization","@id":"https:\/\/www.jeomed.com\/ES\/#organization","name":"JEOMED \u0130LA\u00c7 ve SA\u011eLIK \u00dcR\u00dcNLER\u0130 A.\u015e.","url":"https:\/\/www.jeomed.com\/ES\/","logo":{"@type":"ImageObject","inLanguage":"es","@id":"https:\/\/www.jeomed.com\/ES\/#\/schema\/logo\/image\/","url":"https:\/\/www.alfatasarim.net.tr\/jeomed\/wp-content\/uploads\/2025\/10\/jeomed-logo-tto-1_1.jpg","contentUrl":"https:\/\/www.alfatasarim.net.tr\/jeomed\/wp-content\/uploads\/2025\/10\/jeomed-logo-tto-1_1.jpg","width":628,"height":227,"caption":"JEOMED \u0130LA\u00c7 ve SA\u011eLIK \u00dcR\u00dcNLER\u0130 A.\u015e."},"image":{"@id":"https:\/\/www.jeomed.com\/ES\/#\/schema\/logo\/image\/"}}]}},"_links":{"self":[{"href":"https:\/\/www.jeomed.com\/ES\/wp-json\/wp\/v2\/product\/1395","targetHints":{"allow":["GET"]}}],"collection":[{"href":"https:\/\/www.jeomed.com\/ES\/wp-json\/wp\/v2\/product"}],"about":[{"href":"https:\/\/www.jeomed.com\/ES\/wp-json\/wp\/v2\/types\/product"}],"replies":[{"embeddable":true,"href":"https:\/\/www.jeomed.com\/ES\/wp-json\/wp\/v2\/comments?post=1395"}],"wp:featuredmedia":[{"embeddable":true,"href":"https:\/\/www.jeomed.com\/ES\/wp-json\/wp\/v2\/media\/1224"}],"wp:attachment":[{"href":"https:\/\/www.jeomed.com\/ES\/wp-json\/wp\/v2\/media?parent=1395"}],"wp:term":[{"taxonomy":"product_brand","embeddable":true,"href":"https:\/\/www.jeomed.com\/ES\/wp-json\/wp\/v2\/product_brand?post=1395"},{"taxonomy":"product_cat","embeddable":true,"href":"https:\/\/www.jeomed.com\/ES\/wp-json\/wp\/v2\/product_cat?post=1395"},{"taxonomy":"product_tag","embeddable":true,"href":"https:\/\/www.jeomed.com\/ES\/wp-json\/wp\/v2\/product_tag?post=1395"}],"curies":[{"name":"wp","href":"https:\/\/api.w.org\/{rel}","templated":true}]}}