{"id":1372,"date":"2025-11-06T08:50:00","date_gmt":"2025-11-06T08:50:00","guid":{"rendered":"https:\/\/www.alfatasarim.net.tr\/jeomed\/?post_type=product&#038;p=1372"},"modified":"2026-01-17T06:51:02","modified_gmt":"2026-01-17T06:51:02","slug":"tto-el-kremi-greyfurt-yagi-kolajen","status":"publish","type":"product","link":"https:\/\/www.jeomed.com\/ES\/product\/tto-el-kremi-greyfurt-yagi-kolajen\/","title":{"rendered":"CREMA T\u00c9RMICA DE MANOS TTO ACEITE DE POMELO Y COL\u00c1GENO 50 ML"},"content":{"rendered":"<p data-start=\"185\" data-end=\"904\"><strong>TTO THERMAL HAND CREAM GRAPEFRUIT OIL &amp; COLLAGEN 50 ML<\/strong><\/p>\n<p data-start=\"185\" data-end=\"904\">TTO Thermal Hand Cream, formulated with Grapefruit Oil, Tea Tree Oil, and Collagen, deeply moisturizes, nourishes, and smooths the hands.<br data-start=\"322\" data-end=\"325\" \/>Grapefruit oil refreshes and revitalizes the skin, while Tea Tree Oil provides antibacterial and restorative benefits, helping to strengthen the skin barrier.<br data-start=\"483\" data-end=\"486\" \/>With the support of hydrolyzed collagen, it enhances skin elasticity and promotes a younger, more supple appearance.<br data-start=\"602\" data-end=\"605\" \/>Additionally, Arbutin and Licorice Root Extract help prevent the formation of dark spots, while Shea Butter and Hyaluronic Acid deliver long-lasting hydration, offering effective protection against dryness and cracking.<br data-start=\"824\" data-end=\"827\" data-is-only-node=\"\" \/>With regular use, hands appear softer, well-nourished, and naturally radiant.<\/p>\n","protected":false},"excerpt":{"rendered":"<p>TTO THERMAL HAND CREAM GRAPEFRUIT OIL &amp; COLLAGEN 50 ML TTO Thermal Hand Cream, formulated with Grapefruit Oil, Tea Tree Oil, and Collagen, deeply moisturizes, nourishes, and smooths the hands.Grapefruit oil refreshes and revitalizes the skin, while Tea Tree Oil provides antibacterial and restorative benefits, helping to strengthen the skin barrier.With the support of hydrolyzed [&hellip;]<\/p>\n","protected":false},"featured_media":1200,"comment_status":"open","ping_status":"closed","template":"","meta":{"_acf_changed":false,"inline_featured_image":false},"product_brand":[],"product_cat":[67],"product_tag":[],"class_list":{"0":"post-1372","1":"product","2":"type-product","3":"status-publish","4":"has-post-thumbnail","6":"product_cat-personal-care-products","8":"first","9":"instock","10":"shipping-taxable","11":"product-type-simple"},"acf":[],"yoast_head":"<!-- This site is optimized with the Yoast SEO plugin v26.3 - https:\/\/yoast.com\/wordpress\/plugins\/seo\/ -->\n<title>CREMA T\u00c9RMICA DE MANOS TTO ACEITE DE POMELO Y COL\u00c1GENO 50 ML - JEOMED \u0130LA\u00c7 ve SA\u011eLIK \u00dcR\u00dcNLER\u0130 A.\u015e.<\/title>\n<meta name=\"robots\" content=\"index, follow, max-snippet:-1, max-image-preview:large, max-video-preview:-1\" \/>\n<link rel=\"canonical\" href=\"https:\/\/www.jeomed.com\/ES\/product\/tto-el-kremi-greyfurt-yagi-kolajen\/\" \/>\n<meta property=\"og:locale\" content=\"es_ES\" \/>\n<meta property=\"og:type\" content=\"article\" \/>\n<meta property=\"og:title\" content=\"CREMA T\u00c9RMICA DE MANOS TTO ACEITE DE POMELO Y COL\u00c1GENO 50 ML - JEOMED \u0130LA\u00c7 ve SA\u011eLIK \u00dcR\u00dcNLER\u0130 A.\u015e.\" \/>\n<meta property=\"og:description\" content=\"TTO THERMAL HAND CREAM GRAPEFRUIT OIL &amp; COLLAGEN 50 ML TTO Thermal Hand Cream, formulated with Grapefruit Oil, Tea Tree Oil, and Collagen, deeply moisturizes, nourishes, and smooths the hands.Grapefruit oil refreshes and revitalizes the skin, while Tea Tree Oil provides antibacterial and restorative benefits, helping to strengthen the skin barrier.With the support of hydrolyzed [&hellip;]\" \/>\n<meta property=\"og:url\" content=\"https:\/\/www.jeomed.com\/ES\/product\/tto-el-kremi-greyfurt-yagi-kolajen\/\" \/>\n<meta property=\"og:site_name\" content=\"JEOMED \u0130LA\u00c7 ve SA\u011eLIK \u00dcR\u00dcNLER\u0130 A.\u015e.\" \/>\n<meta property=\"article:modified_time\" content=\"2026-01-17T06:51:02+00:00\" \/>\n<meta property=\"og:image\" content=\"https:\/\/www.jeomed.com\/ES\/wp-content\/uploads\/2025\/11\/tto-el-kremi-Greyfurt-Yagi-Kolajen.png\" \/>\n\t<meta property=\"og:image:width\" content=\"900\" \/>\n\t<meta property=\"og:image:height\" content=\"900\" \/>\n\t<meta property=\"og:image:type\" content=\"image\/png\" \/>\n<meta name=\"twitter:card\" content=\"summary_large_image\" \/>\n<meta name=\"twitter:label1\" content=\"Tiempo de lectura\" \/>\n\t<meta name=\"twitter:data1\" content=\"1 minuto\" \/>\n<script type=\"application\/ld+json\" class=\"yoast-schema-graph\">{\"@context\":\"https:\/\/schema.org\",\"@graph\":[{\"@type\":\"WebPage\",\"@id\":\"https:\/\/www.jeomed.com\/ES\/product\/tto-el-kremi-greyfurt-yagi-kolajen\/\",\"url\":\"https:\/\/www.jeomed.com\/ES\/product\/tto-el-kremi-greyfurt-yagi-kolajen\/\",\"name\":\"CREMA T\u00c9RMICA DE MANOS TTO ACEITE DE POMELO Y COL\u00c1GENO 50 ML - JEOMED \u0130LA\u00c7 ve SA\u011eLIK \u00dcR\u00dcNLER\u0130 A.\u015e.\",\"isPartOf\":{\"@id\":\"https:\/\/www.jeomed.com\/ES\/#website\"},\"primaryImageOfPage\":{\"@id\":\"https:\/\/www.jeomed.com\/ES\/product\/tto-el-kremi-greyfurt-yagi-kolajen\/#primaryimage\"},\"image\":{\"@id\":\"https:\/\/www.jeomed.com\/ES\/product\/tto-el-kremi-greyfurt-yagi-kolajen\/#primaryimage\"},\"thumbnailUrl\":\"https:\/\/www.jeomed.com\/ES\/wp-content\/uploads\/2025\/11\/tto-el-kremi-Greyfurt-Yagi-Kolajen.png\",\"datePublished\":\"2025-11-06T08:50:00+00:00\",\"dateModified\":\"2026-01-17T06:51:02+00:00\",\"breadcrumb\":{\"@id\":\"https:\/\/www.jeomed.com\/ES\/product\/tto-el-kremi-greyfurt-yagi-kolajen\/#breadcrumb\"},\"inLanguage\":\"es\",\"potentialAction\":[{\"@type\":\"ReadAction\",\"target\":[\"https:\/\/www.jeomed.com\/ES\/product\/tto-el-kremi-greyfurt-yagi-kolajen\/\"]}]},{\"@type\":\"ImageObject\",\"inLanguage\":\"es\",\"@id\":\"https:\/\/www.jeomed.com\/ES\/product\/tto-el-kremi-greyfurt-yagi-kolajen\/#primaryimage\",\"url\":\"https:\/\/www.jeomed.com\/ES\/wp-content\/uploads\/2025\/11\/tto-el-kremi-Greyfurt-Yagi-Kolajen.png\",\"contentUrl\":\"https:\/\/www.jeomed.com\/ES\/wp-content\/uploads\/2025\/11\/tto-el-kremi-Greyfurt-Yagi-Kolajen.png\",\"width\":900,\"height\":900},{\"@type\":\"BreadcrumbList\",\"@id\":\"https:\/\/www.jeomed.com\/ES\/product\/tto-el-kremi-greyfurt-yagi-kolajen\/#breadcrumb\",\"itemListElement\":[{\"@type\":\"ListItem\",\"position\":1,\"name\":\"Anasayfa\",\"item\":\"https:\/\/www.jeomed.com\/ES\/\"},{\"@type\":\"ListItem\",\"position\":2,\"name\":\"Products\",\"item\":\"https:\/\/www.jeomed.com\/ES\/shop\/\"},{\"@type\":\"ListItem\",\"position\":3,\"name\":\"CREMA T\u00c9RMICA DE MANOS TTO ACEITE DE POMELO Y COL\u00c1GENO 50 ML\"}]},{\"@type\":\"WebSite\",\"@id\":\"https:\/\/www.jeomed.com\/ES\/#website\",\"url\":\"https:\/\/www.jeomed.com\/ES\/\",\"name\":\"JEOMED \u0130LA\u00c7 ve SA\u011eLIK \u00dcR\u00dcNLER\u0130 A.\u015e.\",\"description\":\"Yenilik\u00e7i G\u00fc\u00e7, Global Ba\u015far\u0131\",\"publisher\":{\"@id\":\"https:\/\/www.jeomed.com\/ES\/#organization\"},\"potentialAction\":[{\"@type\":\"SearchAction\",\"target\":{\"@type\":\"EntryPoint\",\"urlTemplate\":\"https:\/\/www.jeomed.com\/ES\/?s={search_term_string}\"},\"query-input\":{\"@type\":\"PropertyValueSpecification\",\"valueRequired\":true,\"valueName\":\"search_term_string\"}}],\"inLanguage\":\"es\"},{\"@type\":\"Organization\",\"@id\":\"https:\/\/www.jeomed.com\/ES\/#organization\",\"name\":\"JEOMED \u0130LA\u00c7 ve SA\u011eLIK \u00dcR\u00dcNLER\u0130 A.\u015e.\",\"url\":\"https:\/\/www.jeomed.com\/ES\/\",\"logo\":{\"@type\":\"ImageObject\",\"inLanguage\":\"es\",\"@id\":\"https:\/\/www.jeomed.com\/ES\/#\/schema\/logo\/image\/\",\"url\":\"https:\/\/www.alfatasarim.net.tr\/jeomed\/wp-content\/uploads\/2025\/10\/jeomed-logo-tto-1_1.jpg\",\"contentUrl\":\"https:\/\/www.alfatasarim.net.tr\/jeomed\/wp-content\/uploads\/2025\/10\/jeomed-logo-tto-1_1.jpg\",\"width\":628,\"height\":227,\"caption\":\"JEOMED \u0130LA\u00c7 ve SA\u011eLIK \u00dcR\u00dcNLER\u0130 A.\u015e.\"},\"image\":{\"@id\":\"https:\/\/www.jeomed.com\/ES\/#\/schema\/logo\/image\/\"}}]}<\/script>\n<!-- \/ Yoast SEO plugin. -->","yoast_head_json":{"title":"CREMA T\u00c9RMICA DE MANOS TTO ACEITE DE POMELO Y COL\u00c1GENO 50 ML - JEOMED \u0130LA\u00c7 ve SA\u011eLIK \u00dcR\u00dcNLER\u0130 A.\u015e.","robots":{"index":"index","follow":"follow","max-snippet":"max-snippet:-1","max-image-preview":"max-image-preview:large","max-video-preview":"max-video-preview:-1"},"canonical":"https:\/\/www.jeomed.com\/ES\/product\/tto-el-kremi-greyfurt-yagi-kolajen\/","og_locale":"es_ES","og_type":"article","og_title":"CREMA T\u00c9RMICA DE MANOS TTO ACEITE DE POMELO Y COL\u00c1GENO 50 ML - JEOMED \u0130LA\u00c7 ve SA\u011eLIK \u00dcR\u00dcNLER\u0130 A.\u015e.","og_description":"TTO THERMAL HAND CREAM GRAPEFRUIT OIL &amp; COLLAGEN 50 ML TTO Thermal Hand Cream, formulated with Grapefruit Oil, Tea Tree Oil, and Collagen, deeply moisturizes, nourishes, and smooths the hands.Grapefruit oil refreshes and revitalizes the skin, while Tea Tree Oil provides antibacterial and restorative benefits, helping to strengthen the skin barrier.With the support of hydrolyzed [&hellip;]","og_url":"https:\/\/www.jeomed.com\/ES\/product\/tto-el-kremi-greyfurt-yagi-kolajen\/","og_site_name":"JEOMED \u0130LA\u00c7 ve SA\u011eLIK \u00dcR\u00dcNLER\u0130 A.\u015e.","article_modified_time":"2026-01-17T06:51:02+00:00","og_image":[{"width":900,"height":900,"url":"https:\/\/www.jeomed.com\/ES\/wp-content\/uploads\/2025\/11\/tto-el-kremi-Greyfurt-Yagi-Kolajen.png","type":"image\/png"}],"twitter_card":"summary_large_image","twitter_misc":{"Tiempo de lectura":"1 minuto"},"schema":{"@context":"https:\/\/schema.org","@graph":[{"@type":"WebPage","@id":"https:\/\/www.jeomed.com\/ES\/product\/tto-el-kremi-greyfurt-yagi-kolajen\/","url":"https:\/\/www.jeomed.com\/ES\/product\/tto-el-kremi-greyfurt-yagi-kolajen\/","name":"CREMA T\u00c9RMICA DE MANOS TTO ACEITE DE POMELO Y COL\u00c1GENO 50 ML - JEOMED \u0130LA\u00c7 ve SA\u011eLIK \u00dcR\u00dcNLER\u0130 A.\u015e.","isPartOf":{"@id":"https:\/\/www.jeomed.com\/ES\/#website"},"primaryImageOfPage":{"@id":"https:\/\/www.jeomed.com\/ES\/product\/tto-el-kremi-greyfurt-yagi-kolajen\/#primaryimage"},"image":{"@id":"https:\/\/www.jeomed.com\/ES\/product\/tto-el-kremi-greyfurt-yagi-kolajen\/#primaryimage"},"thumbnailUrl":"https:\/\/www.jeomed.com\/ES\/wp-content\/uploads\/2025\/11\/tto-el-kremi-Greyfurt-Yagi-Kolajen.png","datePublished":"2025-11-06T08:50:00+00:00","dateModified":"2026-01-17T06:51:02+00:00","breadcrumb":{"@id":"https:\/\/www.jeomed.com\/ES\/product\/tto-el-kremi-greyfurt-yagi-kolajen\/#breadcrumb"},"inLanguage":"es","potentialAction":[{"@type":"ReadAction","target":["https:\/\/www.jeomed.com\/ES\/product\/tto-el-kremi-greyfurt-yagi-kolajen\/"]}]},{"@type":"ImageObject","inLanguage":"es","@id":"https:\/\/www.jeomed.com\/ES\/product\/tto-el-kremi-greyfurt-yagi-kolajen\/#primaryimage","url":"https:\/\/www.jeomed.com\/ES\/wp-content\/uploads\/2025\/11\/tto-el-kremi-Greyfurt-Yagi-Kolajen.png","contentUrl":"https:\/\/www.jeomed.com\/ES\/wp-content\/uploads\/2025\/11\/tto-el-kremi-Greyfurt-Yagi-Kolajen.png","width":900,"height":900},{"@type":"BreadcrumbList","@id":"https:\/\/www.jeomed.com\/ES\/product\/tto-el-kremi-greyfurt-yagi-kolajen\/#breadcrumb","itemListElement":[{"@type":"ListItem","position":1,"name":"Anasayfa","item":"https:\/\/www.jeomed.com\/ES\/"},{"@type":"ListItem","position":2,"name":"Products","item":"https:\/\/www.jeomed.com\/ES\/shop\/"},{"@type":"ListItem","position":3,"name":"CREMA T\u00c9RMICA DE MANOS TTO ACEITE DE POMELO Y COL\u00c1GENO 50 ML"}]},{"@type":"WebSite","@id":"https:\/\/www.jeomed.com\/ES\/#website","url":"https:\/\/www.jeomed.com\/ES\/","name":"JEOMED \u0130LA\u00c7 ve SA\u011eLIK \u00dcR\u00dcNLER\u0130 A.\u015e.","description":"Yenilik\u00e7i G\u00fc\u00e7, Global Ba\u015far\u0131","publisher":{"@id":"https:\/\/www.jeomed.com\/ES\/#organization"},"potentialAction":[{"@type":"SearchAction","target":{"@type":"EntryPoint","urlTemplate":"https:\/\/www.jeomed.com\/ES\/?s={search_term_string}"},"query-input":{"@type":"PropertyValueSpecification","valueRequired":true,"valueName":"search_term_string"}}],"inLanguage":"es"},{"@type":"Organization","@id":"https:\/\/www.jeomed.com\/ES\/#organization","name":"JEOMED \u0130LA\u00c7 ve SA\u011eLIK \u00dcR\u00dcNLER\u0130 A.\u015e.","url":"https:\/\/www.jeomed.com\/ES\/","logo":{"@type":"ImageObject","inLanguage":"es","@id":"https:\/\/www.jeomed.com\/ES\/#\/schema\/logo\/image\/","url":"https:\/\/www.alfatasarim.net.tr\/jeomed\/wp-content\/uploads\/2025\/10\/jeomed-logo-tto-1_1.jpg","contentUrl":"https:\/\/www.alfatasarim.net.tr\/jeomed\/wp-content\/uploads\/2025\/10\/jeomed-logo-tto-1_1.jpg","width":628,"height":227,"caption":"JEOMED \u0130LA\u00c7 ve SA\u011eLIK \u00dcR\u00dcNLER\u0130 A.\u015e."},"image":{"@id":"https:\/\/www.jeomed.com\/ES\/#\/schema\/logo\/image\/"}}]}},"_links":{"self":[{"href":"https:\/\/www.jeomed.com\/ES\/wp-json\/wp\/v2\/product\/1372","targetHints":{"allow":["GET"]}}],"collection":[{"href":"https:\/\/www.jeomed.com\/ES\/wp-json\/wp\/v2\/product"}],"about":[{"href":"https:\/\/www.jeomed.com\/ES\/wp-json\/wp\/v2\/types\/product"}],"replies":[{"embeddable":true,"href":"https:\/\/www.jeomed.com\/ES\/wp-json\/wp\/v2\/comments?post=1372"}],"wp:featuredmedia":[{"embeddable":true,"href":"https:\/\/www.jeomed.com\/ES\/wp-json\/wp\/v2\/media\/1200"}],"wp:attachment":[{"href":"https:\/\/www.jeomed.com\/ES\/wp-json\/wp\/v2\/media?parent=1372"}],"wp:term":[{"taxonomy":"product_brand","embeddable":true,"href":"https:\/\/www.jeomed.com\/ES\/wp-json\/wp\/v2\/product_brand?post=1372"},{"taxonomy":"product_cat","embeddable":true,"href":"https:\/\/www.jeomed.com\/ES\/wp-json\/wp\/v2\/product_cat?post=1372"},{"taxonomy":"product_tag","embeddable":true,"href":"https:\/\/www.jeomed.com\/ES\/wp-json\/wp\/v2\/product_tag?post=1372"}],"curies":[{"name":"wp","href":"https:\/\/api.w.org\/{rel}","templated":true}]}}