{"id":1417,"date":"2025-11-06T09:09:12","date_gmt":"2025-11-06T09:09:12","guid":{"rendered":"https:\/\/www.alfatasarim.net.tr\/jeomed\/?post_type=product&#038;p=1417"},"modified":"2025-11-26T11:16:26","modified_gmt":"2025-11-26T11:16:26","slug":"tto-clinic-dus-jeli-gul-500-ml","status":"publish","type":"product","link":"https:\/\/www.jeomed.com\/EN\/product\/tto-clinic-dus-jeli-gul-500-ml\/","title":{"rendered":"TTO CLINIC SHOWER GEL ROSE GARDEN 500 ML"},"content":{"rendered":"<p><b>TTO CLINIC SHOWER GEL ROSE GARDEN 500 ML<\/b><\/p>\n<p><span style=\"font-weight: 400;\">Formulated with powerful ingredients, refreshes and nourishes your skin. Pentavitin deeply hydrates your skin, Vitamin E protects it, Niacinamide strengthens the skin barrier, and Panthenol softens and moisturizes. Enriched with Rose Extract, its formula leaves you feeling revitalized after every shower. Suitable for daily use, it cleanses, nourishes, moisturizes and refreshes your skin.<\/span><\/p>\n","protected":false},"excerpt":{"rendered":"<p>TTO CLINIC SHOWER GEL ROSE GARDEN 500 ML Formulated with powerful ingredients, refreshes and nourishes your skin. Pentavitin deeply hydrates your skin, Vitamin E protects it, Niacinamide strengthens the skin barrier, and Panthenol softens and moisturizes. Enriched with Rose Extract, its formula leaves you feeling revitalized after every shower. Suitable for daily use, it cleanses, [&hellip;]<\/p>\n","protected":false},"featured_media":1246,"comment_status":"open","ping_status":"closed","template":"","meta":{"_acf_changed":false,"inline_featured_image":false},"product_brand":[],"product_cat":[69],"product_tag":[],"class_list":{"0":"post-1417","1":"product","2":"type-product","3":"status-publish","4":"has-post-thumbnail","6":"product_cat-body-care-products","8":"first","9":"instock","10":"shipping-taxable","11":"product-type-simple"},"acf":[],"yoast_head":"<!-- This site is optimized with the Yoast SEO plugin v26.3 - https:\/\/yoast.com\/wordpress\/plugins\/seo\/ -->\n<title>TTO CLINIC SHOWER GEL ROSE GARDEN 500 ML - JEOMED \u0130LA\u00c7 ve SA\u011eLIK \u00dcR\u00dcNLER\u0130 A.\u015e.<\/title>\n<meta name=\"robots\" content=\"index, follow, max-snippet:-1, max-image-preview:large, max-video-preview:-1\" \/>\n<link rel=\"canonical\" href=\"https:\/\/www.jeomed.com\/EN\/product\/tto-clinic-dus-jeli-gul-500-ml\/\" \/>\n<meta property=\"og:locale\" content=\"en_US\" \/>\n<meta property=\"og:type\" content=\"article\" \/>\n<meta property=\"og:title\" content=\"TTO CLINIC SHOWER GEL ROSE GARDEN 500 ML - JEOMED \u0130LA\u00c7 ve SA\u011eLIK \u00dcR\u00dcNLER\u0130 A.\u015e.\" \/>\n<meta property=\"og:description\" content=\"TTO CLINIC SHOWER GEL ROSE GARDEN 500 ML Formulated with powerful ingredients, refreshes and nourishes your skin. Pentavitin deeply hydrates your skin, Vitamin E protects it, Niacinamide strengthens the skin barrier, and Panthenol softens and moisturizes. Enriched with Rose Extract, its formula leaves you feeling revitalized after every shower. Suitable for daily use, it cleanses, [&hellip;]\" \/>\n<meta property=\"og:url\" content=\"https:\/\/www.jeomed.com\/EN\/product\/tto-clinic-dus-jeli-gul-500-ml\/\" \/>\n<meta property=\"og:site_name\" content=\"JEOMED \u0130LA\u00c7 ve SA\u011eLIK \u00dcR\u00dcNLER\u0130 A.\u015e.\" \/>\n<meta property=\"article:modified_time\" content=\"2025-11-26T11:16:26+00:00\" \/>\n<meta property=\"og:image\" content=\"https:\/\/www.jeomed.com\/EN\/wp-content\/uploads\/2025\/11\/tto-clinic-dus-jeli-gul-500-ml-kopya.webp\" \/>\n\t<meta property=\"og:image:width\" content=\"900\" \/>\n\t<meta property=\"og:image:height\" content=\"900\" \/>\n\t<meta property=\"og:image:type\" content=\"image\/webp\" \/>\n<meta name=\"twitter:card\" content=\"summary_large_image\" \/>\n<meta name=\"twitter:label1\" content=\"Est. reading time\" \/>\n\t<meta name=\"twitter:data1\" content=\"1 minute\" \/>\n<script type=\"application\/ld+json\" class=\"yoast-schema-graph\">{\"@context\":\"https:\/\/schema.org\",\"@graph\":[{\"@type\":\"WebPage\",\"@id\":\"https:\/\/www.jeomed.com\/EN\/product\/tto-clinic-dus-jeli-gul-500-ml\/\",\"url\":\"https:\/\/www.jeomed.com\/EN\/product\/tto-clinic-dus-jeli-gul-500-ml\/\",\"name\":\"TTO CLINIC SHOWER GEL ROSE GARDEN 500 ML - JEOMED \u0130LA\u00c7 ve SA\u011eLIK \u00dcR\u00dcNLER\u0130 A.\u015e.\",\"isPartOf\":{\"@id\":\"https:\/\/www.jeomed.com\/EN\/#website\"},\"primaryImageOfPage\":{\"@id\":\"https:\/\/www.jeomed.com\/EN\/product\/tto-clinic-dus-jeli-gul-500-ml\/#primaryimage\"},\"image\":{\"@id\":\"https:\/\/www.jeomed.com\/EN\/product\/tto-clinic-dus-jeli-gul-500-ml\/#primaryimage\"},\"thumbnailUrl\":\"https:\/\/www.jeomed.com\/EN\/wp-content\/uploads\/2025\/11\/tto-clinic-dus-jeli-gul-500-ml-kopya.webp\",\"datePublished\":\"2025-11-06T09:09:12+00:00\",\"dateModified\":\"2025-11-26T11:16:26+00:00\",\"breadcrumb\":{\"@id\":\"https:\/\/www.jeomed.com\/EN\/product\/tto-clinic-dus-jeli-gul-500-ml\/#breadcrumb\"},\"inLanguage\":\"en-US\",\"potentialAction\":[{\"@type\":\"ReadAction\",\"target\":[\"https:\/\/www.jeomed.com\/EN\/product\/tto-clinic-dus-jeli-gul-500-ml\/\"]}]},{\"@type\":\"ImageObject\",\"inLanguage\":\"en-US\",\"@id\":\"https:\/\/www.jeomed.com\/EN\/product\/tto-clinic-dus-jeli-gul-500-ml\/#primaryimage\",\"url\":\"https:\/\/www.jeomed.com\/EN\/wp-content\/uploads\/2025\/11\/tto-clinic-dus-jeli-gul-500-ml-kopya.webp\",\"contentUrl\":\"https:\/\/www.jeomed.com\/EN\/wp-content\/uploads\/2025\/11\/tto-clinic-dus-jeli-gul-500-ml-kopya.webp\",\"width\":900,\"height\":900},{\"@type\":\"BreadcrumbList\",\"@id\":\"https:\/\/www.jeomed.com\/EN\/product\/tto-clinic-dus-jeli-gul-500-ml\/#breadcrumb\",\"itemListElement\":[{\"@type\":\"ListItem\",\"position\":1,\"name\":\"Anasayfa\",\"item\":\"https:\/\/www.jeomed.com\/EN\/\"},{\"@type\":\"ListItem\",\"position\":2,\"name\":\"Products\",\"item\":\"https:\/\/www.jeomed.com\/EN\/shop\/\"},{\"@type\":\"ListItem\",\"position\":3,\"name\":\"TTO CLINIC SHOWER GEL ROSE GARDEN 500 ML\"}]},{\"@type\":\"WebSite\",\"@id\":\"https:\/\/www.jeomed.com\/EN\/#website\",\"url\":\"https:\/\/www.jeomed.com\/EN\/\",\"name\":\"JEOMED \u0130LA\u00c7 ve SA\u011eLIK \u00dcR\u00dcNLER\u0130 A.\u015e.\",\"description\":\"Yenilik\u00e7i G\u00fc\u00e7, Global Ba\u015far\u0131\",\"publisher\":{\"@id\":\"https:\/\/www.jeomed.com\/EN\/#organization\"},\"potentialAction\":[{\"@type\":\"SearchAction\",\"target\":{\"@type\":\"EntryPoint\",\"urlTemplate\":\"https:\/\/www.jeomed.com\/EN\/?s={search_term_string}\"},\"query-input\":{\"@type\":\"PropertyValueSpecification\",\"valueRequired\":true,\"valueName\":\"search_term_string\"}}],\"inLanguage\":\"en-US\"},{\"@type\":\"Organization\",\"@id\":\"https:\/\/www.jeomed.com\/EN\/#organization\",\"name\":\"JEOMED \u0130LA\u00c7 ve SA\u011eLIK \u00dcR\u00dcNLER\u0130 A.\u015e.\",\"url\":\"https:\/\/www.jeomed.com\/EN\/\",\"logo\":{\"@type\":\"ImageObject\",\"inLanguage\":\"en-US\",\"@id\":\"https:\/\/www.jeomed.com\/EN\/#\/schema\/logo\/image\/\",\"url\":\"https:\/\/www.alfatasarim.net.tr\/jeomed\/wp-content\/uploads\/2025\/10\/jeomed-logo-tto-1_1.jpg\",\"contentUrl\":\"https:\/\/www.alfatasarim.net.tr\/jeomed\/wp-content\/uploads\/2025\/10\/jeomed-logo-tto-1_1.jpg\",\"width\":628,\"height\":227,\"caption\":\"JEOMED \u0130LA\u00c7 ve SA\u011eLIK \u00dcR\u00dcNLER\u0130 A.\u015e.\"},\"image\":{\"@id\":\"https:\/\/www.jeomed.com\/EN\/#\/schema\/logo\/image\/\"}}]}<\/script>\n<!-- \/ Yoast SEO plugin. -->","yoast_head_json":{"title":"TTO CLINIC SHOWER GEL ROSE GARDEN 500 ML - JEOMED \u0130LA\u00c7 ve SA\u011eLIK \u00dcR\u00dcNLER\u0130 A.\u015e.","robots":{"index":"index","follow":"follow","max-snippet":"max-snippet:-1","max-image-preview":"max-image-preview:large","max-video-preview":"max-video-preview:-1"},"canonical":"https:\/\/www.jeomed.com\/EN\/product\/tto-clinic-dus-jeli-gul-500-ml\/","og_locale":"en_US","og_type":"article","og_title":"TTO CLINIC SHOWER GEL ROSE GARDEN 500 ML - JEOMED \u0130LA\u00c7 ve SA\u011eLIK \u00dcR\u00dcNLER\u0130 A.\u015e.","og_description":"TTO CLINIC SHOWER GEL ROSE GARDEN 500 ML Formulated with powerful ingredients, refreshes and nourishes your skin. Pentavitin deeply hydrates your skin, Vitamin E protects it, Niacinamide strengthens the skin barrier, and Panthenol softens and moisturizes. Enriched with Rose Extract, its formula leaves you feeling revitalized after every shower. Suitable for daily use, it cleanses, [&hellip;]","og_url":"https:\/\/www.jeomed.com\/EN\/product\/tto-clinic-dus-jeli-gul-500-ml\/","og_site_name":"JEOMED \u0130LA\u00c7 ve SA\u011eLIK \u00dcR\u00dcNLER\u0130 A.\u015e.","article_modified_time":"2025-11-26T11:16:26+00:00","og_image":[{"width":900,"height":900,"url":"https:\/\/www.jeomed.com\/EN\/wp-content\/uploads\/2025\/11\/tto-clinic-dus-jeli-gul-500-ml-kopya.webp","type":"image\/webp"}],"twitter_card":"summary_large_image","twitter_misc":{"Est. reading time":"1 minute"},"schema":{"@context":"https:\/\/schema.org","@graph":[{"@type":"WebPage","@id":"https:\/\/www.jeomed.com\/EN\/product\/tto-clinic-dus-jeli-gul-500-ml\/","url":"https:\/\/www.jeomed.com\/EN\/product\/tto-clinic-dus-jeli-gul-500-ml\/","name":"TTO CLINIC SHOWER GEL ROSE GARDEN 500 ML - JEOMED \u0130LA\u00c7 ve SA\u011eLIK \u00dcR\u00dcNLER\u0130 A.\u015e.","isPartOf":{"@id":"https:\/\/www.jeomed.com\/EN\/#website"},"primaryImageOfPage":{"@id":"https:\/\/www.jeomed.com\/EN\/product\/tto-clinic-dus-jeli-gul-500-ml\/#primaryimage"},"image":{"@id":"https:\/\/www.jeomed.com\/EN\/product\/tto-clinic-dus-jeli-gul-500-ml\/#primaryimage"},"thumbnailUrl":"https:\/\/www.jeomed.com\/EN\/wp-content\/uploads\/2025\/11\/tto-clinic-dus-jeli-gul-500-ml-kopya.webp","datePublished":"2025-11-06T09:09:12+00:00","dateModified":"2025-11-26T11:16:26+00:00","breadcrumb":{"@id":"https:\/\/www.jeomed.com\/EN\/product\/tto-clinic-dus-jeli-gul-500-ml\/#breadcrumb"},"inLanguage":"en-US","potentialAction":[{"@type":"ReadAction","target":["https:\/\/www.jeomed.com\/EN\/product\/tto-clinic-dus-jeli-gul-500-ml\/"]}]},{"@type":"ImageObject","inLanguage":"en-US","@id":"https:\/\/www.jeomed.com\/EN\/product\/tto-clinic-dus-jeli-gul-500-ml\/#primaryimage","url":"https:\/\/www.jeomed.com\/EN\/wp-content\/uploads\/2025\/11\/tto-clinic-dus-jeli-gul-500-ml-kopya.webp","contentUrl":"https:\/\/www.jeomed.com\/EN\/wp-content\/uploads\/2025\/11\/tto-clinic-dus-jeli-gul-500-ml-kopya.webp","width":900,"height":900},{"@type":"BreadcrumbList","@id":"https:\/\/www.jeomed.com\/EN\/product\/tto-clinic-dus-jeli-gul-500-ml\/#breadcrumb","itemListElement":[{"@type":"ListItem","position":1,"name":"Anasayfa","item":"https:\/\/www.jeomed.com\/EN\/"},{"@type":"ListItem","position":2,"name":"Products","item":"https:\/\/www.jeomed.com\/EN\/shop\/"},{"@type":"ListItem","position":3,"name":"TTO CLINIC SHOWER GEL ROSE GARDEN 500 ML"}]},{"@type":"WebSite","@id":"https:\/\/www.jeomed.com\/EN\/#website","url":"https:\/\/www.jeomed.com\/EN\/","name":"JEOMED \u0130LA\u00c7 ve SA\u011eLIK \u00dcR\u00dcNLER\u0130 A.\u015e.","description":"Yenilik\u00e7i G\u00fc\u00e7, Global Ba\u015far\u0131","publisher":{"@id":"https:\/\/www.jeomed.com\/EN\/#organization"},"potentialAction":[{"@type":"SearchAction","target":{"@type":"EntryPoint","urlTemplate":"https:\/\/www.jeomed.com\/EN\/?s={search_term_string}"},"query-input":{"@type":"PropertyValueSpecification","valueRequired":true,"valueName":"search_term_string"}}],"inLanguage":"en-US"},{"@type":"Organization","@id":"https:\/\/www.jeomed.com\/EN\/#organization","name":"JEOMED \u0130LA\u00c7 ve SA\u011eLIK \u00dcR\u00dcNLER\u0130 A.\u015e.","url":"https:\/\/www.jeomed.com\/EN\/","logo":{"@type":"ImageObject","inLanguage":"en-US","@id":"https:\/\/www.jeomed.com\/EN\/#\/schema\/logo\/image\/","url":"https:\/\/www.alfatasarim.net.tr\/jeomed\/wp-content\/uploads\/2025\/10\/jeomed-logo-tto-1_1.jpg","contentUrl":"https:\/\/www.alfatasarim.net.tr\/jeomed\/wp-content\/uploads\/2025\/10\/jeomed-logo-tto-1_1.jpg","width":628,"height":227,"caption":"JEOMED \u0130LA\u00c7 ve SA\u011eLIK \u00dcR\u00dcNLER\u0130 A.\u015e."},"image":{"@id":"https:\/\/www.jeomed.com\/EN\/#\/schema\/logo\/image\/"}}]}},"_links":{"self":[{"href":"https:\/\/www.jeomed.com\/EN\/wp-json\/wp\/v2\/product\/1417","targetHints":{"allow":["GET"]}}],"collection":[{"href":"https:\/\/www.jeomed.com\/EN\/wp-json\/wp\/v2\/product"}],"about":[{"href":"https:\/\/www.jeomed.com\/EN\/wp-json\/wp\/v2\/types\/product"}],"replies":[{"embeddable":true,"href":"https:\/\/www.jeomed.com\/EN\/wp-json\/wp\/v2\/comments?post=1417"}],"wp:featuredmedia":[{"embeddable":true,"href":"https:\/\/www.jeomed.com\/EN\/wp-json\/wp\/v2\/media\/1246"}],"wp:attachment":[{"href":"https:\/\/www.jeomed.com\/EN\/wp-json\/wp\/v2\/media?parent=1417"}],"wp:term":[{"taxonomy":"product_brand","embeddable":true,"href":"https:\/\/www.jeomed.com\/EN\/wp-json\/wp\/v2\/product_brand?post=1417"},{"taxonomy":"product_cat","embeddable":true,"href":"https:\/\/www.jeomed.com\/EN\/wp-json\/wp\/v2\/product_cat?post=1417"},{"taxonomy":"product_tag","embeddable":true,"href":"https:\/\/www.jeomed.com\/EN\/wp-json\/wp\/v2\/product_tag?post=1417"}],"curies":[{"name":"wp","href":"https:\/\/api.w.org\/{rel}","templated":true}]}}